{"id":935,"date":"2023-06-04T13:58:40","date_gmt":"2023-06-04T13:58:40","guid":{"rendered":"https:\/\/oroex.net\/?page_id=935"},"modified":"2023-06-04T13:59:40","modified_gmt":"2023-06-04T13:59:40","slug":"aviso-legal","status":"publish","type":"page","link":"https:\/\/oroex.net\/it\/avviso-legale\/","title":{"rendered":"Avviso legale"},"content":{"rendered":"<div data-elementor-type=\"wp-page\" data-elementor-id=\"935\" class=\"elementor elementor-935\" data-elementor-post-type=\"page\">\n\t\t\t\t<div class=\"elementor-element elementor-element-ca06850 e-flex e-con-boxed wpr-particle-no wpr-jarallax-no wpr-parallax-no wpr-sticky-section-no wpr-equal-height-no e-con e-parent\" data-id=\"ca06850\" data-element_type=\"container\" data-e-type=\"container\">\n\t\t\t\t\t<div class=\"e-con-inner\">\n\t\t\t\t<div class=\"elementor-element elementor-element-b66771b elementor-widget elementor-widget-text-editor\" data-id=\"b66771b\" data-element_type=\"widget\" data-e-type=\"widget\" data-widget_type=\"text-editor.default\">\n\t\t\t\t<div class=\"elementor-widget-container\">\n\t\t\t\t\t\t\t\t\t<p><strong>AVVISO LEGALE<\/strong><\/p><p><strong>Informazioni sulla persona responsabile<\/strong><\/p><ul><li><strong>Identit\u00e0 della persona responsabile:<\/strong>\u00a0SERVIZI ONLINE TPMB SL<\/li><li><strong>Nome commerciale:<\/strong>\u00a0ORO EX<\/li><li><strong>NIF\/CIF:<\/strong>\u00a0B67587493<\/li><li><strong>Indirizzo:<\/strong>\u00a0PASSATGE TORRENT DE L' ESTADELLA 14, 08030 BARCELONA<\/li><li><strong>E-mail:<\/strong>\u00a0<a href=\"mailto:oroex@oroex.net\">oroex@oroex.net<\/a><\/li><\/ul><p>In questo spazio, l'utente potr\u00e0 trovare tutte le informazioni relative ai termini e alle condizioni legali che definiscono il rapporto tra gli utenti e me, in quanto responsabile di questo sito web. Come utente, \u00e8 importante che tu sia a conoscenza di questi termini prima di continuare la tua navigazione.<br \/><br \/>TPMB ONLINE SERVICES SL in qualit\u00e0 di responsabile di questo sito web, si impegna a trattare le informazioni dei propri utenti e clienti con piena garanzia e a rispettare i requisiti nazionali ed europei che regolano la raccolta e l'utilizzo dei dati personali dei propri utenti.<br \/><br \/>Questo sito web, pertanto, rispetta rigorosamente la Legge Organica 15\/1999, del 13 dicembre, sulla Protezione dei Dati Personali (LOPD), e il Regio Decreto 1720\/2007, del 21 dicembre, noto come Regolamento per lo sviluppo della LOPD. \u00c8 inoltre conforme al Regolamento (UE) 2016\/679 del Parlamento europeo e del Consiglio, del 27 aprile 2016, sulla protezione delle persone fisiche (RGPD), nonch\u00e9 alla Legge 34\/2002, dell'11 luglio, sui servizi della societ\u00e0 dell'informazione e il commercio elettronico (LSSICE o LSSI).<\/p><p><strong>Condizioni generali di utilizzo<\/strong><\/p><p>Le presenti Condizioni Generali regolano l'utilizzo (compreso il semplice accesso) delle pagine web che compongono il sito di TPMB ONLINE SERVICES SL, compresi i contenuti e i servizi messi a disposizione in esse. Qualsiasi persona che acceda al sito web www.oroex.net (\"utente\") si impegna a rispettare le Condizioni Generali in vigore in qualsiasi momento del portale www.oroex.net.<\/p><p><strong>I dati personali che raccolgo e come li raccolgo<\/strong><\/p><p>Leggi l'informativa sulla privacy (LINK PONK ALL'INFORMATIVA SULLA PRIVACY)<\/p><p><strong>Impegni e obblighi degli utenti<\/strong><\/p><p>L'utente \u00e8 informato e accetta che l'accesso a questo sito web non implica, in alcun modo, l'inizio di un rapporto commerciale con XXXXXXEMPRESA. L'utente si impegna pertanto a utilizzare il sito, i suoi servizi e i suoi contenuti senza contravvenire alla legislazione vigente, alla buona fede e all'ordine pubblico.<br \/><br \/>\u00c8 vietato utilizzare il sito web per scopi illeciti o dannosi, o in qualsiasi modo che possa causare danni o impedire il normale funzionamento del sito web. Per quanto riguarda i contenuti di questo sito web, \u00e8 vietato:<\/p><ul><li>La riproduzione, la distribuzione o la modifica, totale o parziale, se non autorizzata da me in qualit\u00e0 di legittimo proprietario;<\/li><li>Qualsiasi violazione dei diritti del fornitore o di me in quanto legittimo proprietario;<\/li><li>Il loro utilizzo a fini commerciali o pubblicitari.<\/li><\/ul><p>Nell'utilizzo del sito web www.oroex.net l'utente si impegna a non svolgere nessuna delle seguenti attivit\u00e0\u00a0<strong>nessun comportamento<\/strong>\u00a0che possano danneggiare l'immagine, gli interessi e i diritti di TPMB ONLINE SERVICES SL o di terzi o che possano danneggiare, rendere inutilizzabile o sovraccaricare il portale www.oroex.net o che possano impedire, in qualsiasi modo, il normale utilizzo del web.<br \/><br \/>Tuttavia, l'utente deve essere consapevole che le misure di sicurezza dei sistemi informatici su Internet non sono del tutto affidabili e che, pertanto, www.oroex.net non pu\u00f2 garantire l'inesistenza di malware o di altri elementi che possano causare alterazioni nei sistemi informatici (software e hardware) dell'utente o nei suoi documenti elettronici e nei file in essi contenuti, sebbene siano stati adottati tutti i mezzi necessari e le misure di sicurezza appropriate per evitare la presenza di questi elementi dannosi.<\/p><p><strong>Annunci sponsorizzati, link affiliati e pubblicit\u00e0<\/strong><\/p><p>Questo sito web offre agli utenti contenuti sponsorizzati, pubblicit\u00e0 e\/o link di affiliazione.<br \/><br \/>Tra i link forniti, vi \u00e8 la possibilit\u00e0 di informare e fare riferimento a prodotti e\/o servizi e\/o infoprodotti. In questi ultimi casi, la richiesta sar\u00e0 inoltrata a terzi, quali:<\/p><p>Le informazioni che appaiono in questi link affiliati o gli annunci inseriti, sono forniti dagli stessi inserzionisti, pertanto TPMB ONLINE SERVICES SL non \u00e8 responsabile di eventuali imprecisioni o errori che possono contenere gli annunci, n\u00e9 garantisce in alcun modo l'esperienza, l'integrit\u00e0 o la responsabilit\u00e0 degli inserzionisti o la qualit\u00e0 dei loro prodotti.<br \/><br \/>Gli annunci resteranno pubblicati sul portale fino alla loro rimozione o sospensione da parte dell'inserzionista o di TPMB ONLINE SERVICES SL, che logicamente non sar\u00e0 responsabile del fatto che, una volta rimossi dai propri database, gli annunci continuino a essere indicizzati nei motori di ricerca esterni a questo portale.<br \/><br \/>Qualsiasi rapporto contrattuale o extracontrattuale che l'utente instaura con inserzionisti, affiliati o terzi contattati attraverso questo portale si intende solo ed esclusivamente tra l'utente e l'inserzionista e\/o il terzo. L'utente sa e accetta che www.oroex.net agisce solo come canale o mezzo pubblicitario e pertanto non ha alcuna responsabilit\u00e0 per i danni di qualsiasi tipo causati dalle sue trattative, conversazioni e\/o rapporti contrattuali o extracontrattuali con gli inserzionisti o i terzi contattati attraverso questo portale.<\/p><p><strong>Misure di sicurezza<\/strong><\/p><p>I dati personali comunicati dall'utente a TPMB ONLINE SERVICES SL possono essere conservati in database automatizzati o meno, la cui propriet\u00e0 corrisponde esclusivamente a TPMB ONLINE SERVICES SL, assumendo tutte le misure tecniche, organizzative e di sicurezza che garantiscano la riservatezza, l'integrit\u00e0 e la qualit\u00e0 delle informazioni in essi contenute in conformit\u00e0 con le disposizioni della legislazione vigente in materia di protezione dei dati.<\/p><p><strong>Piattaforma di risoluzione dei conflitti<\/strong><\/p><p>Metto inoltre a disposizione degli utenti la piattaforma di risoluzione delle controversie messa a disposizione dalla Commissione europea, disponibile al seguente link:\u00a0<a href=\"http:\/\/ec.europa.eu\/consumers\/odr\/\">http:\/\/ec.europa.eu\/consumers\/odr\/<\/a><\/p><p><strong>Diritti di propriet\u00e0 intellettuale e industriale<\/strong><\/p><p>Ai sensi degli articoli 8 e 32.1, secondo comma, della Legge sulla Propriet\u00e0 Intellettuale, sono espressamente vietate la riproduzione, la distribuzione e la comunicazione pubblica, compresa la messa a disposizione, di tutto o parte del contenuto di questo sito web, a fini commerciali, su qualsiasi supporto e con qualsiasi mezzo tecnico, senza l'autorizzazione di TPMB ONLINE SERVICES SL. L'utente si impegna a rispettare i diritti di propriet\u00e0 intellettuale e industriale di TPMB ONLINE SERVICES SL.<br \/><br \/>L'utente riconosce e accetta che l'intero sito web, compresi, ma non solo, testi, software, contenuti (compresa la struttura, la selezione, la disposizione e la presentazione degli stessi), podcast, fotografie, materiale audiovisivo e grafica, \u00e8 protetto da marchi, diritti d'autore e altri diritti legittimi, in conformit\u00e0 con i trattati internazionali di cui la Spagna \u00e8 parte e altri diritti di propriet\u00e0 e leggi spagnole.<br \/><br \/>Nel caso in cui un utente o un terzo ritenga che vi sia stata una violazione dei suoi legittimi diritti di propriet\u00e0 intellettuale a causa dell'introduzione di determinati contenuti sul web, \u00e8 necessario notificare questa circostanza a TPMB ONLINE SERVICES SL indicando:<\/p><ul><li>Dati personali dell'interessato che \u00e8 il titolare dei diritti presumibilmente violati, o indicare la rappresentanza sotto la quale agisce nel caso in cui il reclamo sia presentato da un terzo diverso dall'interessato.<\/li><li>Indicare i contenuti protetti da diritti di propriet\u00e0 intellettuale e la loro collocazione sul sito web, l'accreditamento dei diritti di propriet\u00e0 intellettuale indicati e una dichiarazione esplicita in cui l'interessato si assume la responsabilit\u00e0 della veridicit\u00e0 delle informazioni fornite nella notifica.<\/li><\/ul><p><strong>Esclusione di garanzie e responsabilit\u00e0<\/strong><\/p><p><strong>TPMB ONLINE SERVICES SL non fornisce alcuna garanzia e non \u00e8 responsabile, in nessun caso, per i danni di qualsiasi natura che potrebbero essere causati da:<\/strong><\/p><ul><li>La mancanza di disponibilit\u00e0, manutenzione e funzionamento efficace del sito web o dei suoi servizi e contenuti;<\/li><li>L'esistenza di malware, programmi dannosi o nocivi nei contenuti;<\/li><li>Uso illegale, negligente, fraudolento o contrario al presente Avviso legale;<\/li><li>La mancanza di legalit\u00e0, qualit\u00e0, affidabilit\u00e0, utilit\u00e0 e disponibilit\u00e0 dei servizi forniti da terzi e messi a disposizione degli utenti sul sito web.<\/li><li>Il fornitore non si assume alcuna responsabilit\u00e0 per eventuali danni derivanti da un uso illegale o improprio di questo sito web.<\/li><\/ul><p><strong>Legge applicabile e giurisdizione<\/strong><\/p><p>In generale, i rapporti tra TPMB ONLINE SERVICES SL e gli utenti dei suoi servizi telematici, presenti in questo sito web, sono soggetti alla legislazione e alla giurisdizione spagnola e ai tribunali di BARCELLONA.<\/p><p><strong>Contatto<\/strong><\/p><p>In caso di domande su questi Termini e Condizioni o di commenti sul portale www.oroex.net, gli utenti sono pregati di rivolgersi a <a href=\"mailto:oroex@oroex.net\">oroex@oroex.net<\/a>. La nota legale \u00e8 stata aggiornata l'ultima volta il 29-05-2023.<\/p>\t\t\t\t\t\t\t\t<\/div>\n\t\t\t\t<\/div>\n\t\t\t\t\t<\/div>\n\t\t\t\t<\/div>\n\t\t\t\t<\/div>","protected":false},"excerpt":{"rendered":"<p>AVVISO LEGALE Dati del responsabile Identit\u00e0 del responsabile: TPMB ONLINE SERVICES SL Nome commerciale: ORO EX NIF\/CIF: B67587493 Indirizzo: PASSATGE TORRENT DE L' ESTADELLA 14, 08030 BARCELONA E-mail: oroex@oroex.net In questo spazio, l'utente pu\u00f2 trovare tutte le informazioni relative ai termini e alle condizioni legali che definiscono il rapporto tra gli utenti e me in qualit\u00e0 di responsabile di questo sito web. Come utente, \u00e8 importante che conosca questi termini prima di continuare la navigazione. TPMB ONLINE SERVICES SL, in qualit\u00e0 di responsabile di questo sito web, si impegna a trattare le informazioni dei propri utenti e clienti con piena garanzia e a rispettare i requisiti nazionali ed europei che regolano la raccolta e l'utilizzo dei dati personali dei propri utenti. Questo sito web, pertanto, rispetta rigorosamente la Legge Organica 15\/1999, del 13 dicembre, sulla Protezione dei Dati Personali (LOPD), e il Regio Decreto 1720\/2007, del 21 dicembre, noto come \"Legge sulla Protezione dei Dati Personali\".....<\/p>\n<p> <a class=\"more-link\" href=\"https:\/\/oroex.net\/it\/avviso-legale\/\">Leggi tutto<\/a><\/p>","protected":false},"author":1,"featured_media":0,"parent":0,"menu_order":0,"comment_status":"closed","ping_status":"closed","template":"elementor_header_footer","meta":{"footnotes":""},"class_list":["post-935","page","type-page","status-publish"],"_links":{"self":[{"href":"https:\/\/oroex.net\/it\/wp-json\/wp\/v2\/pages\/935","targetHints":{"allow":["GET"]}}],"collection":[{"href":"https:\/\/oroex.net\/it\/wp-json\/wp\/v2\/pages"}],"about":[{"href":"https:\/\/oroex.net\/it\/wp-json\/wp\/v2\/types\/page"}],"author":[{"embeddable":true,"href":"https:\/\/oroex.net\/it\/wp-json\/wp\/v2\/users\/1"}],"replies":[{"embeddable":true,"href":"https:\/\/oroex.net\/it\/wp-json\/wp\/v2\/comments?post=935"}],"version-history":[{"count":0,"href":"https:\/\/oroex.net\/it\/wp-json\/wp\/v2\/pages\/935\/revisions"}],"wp:attachment":[{"href":"https:\/\/oroex.net\/it\/wp-json\/wp\/v2\/media?parent=935"}],"curies":[{"name":"wp","href":"https:\/\/api.w.org\/{rel}","templated":true}]}}