{"id":302,"date":"2023-05-28T15:42:41","date_gmt":"2023-05-28T15:42:41","guid":{"rendered":"https:\/\/oroex.net\/?page_id=302"},"modified":"2023-10-09T15:42:43","modified_gmt":"2023-10-09T15:42:43","slug":"joyas-por-encargo","status":"publish","type":"page","link":"https:\/\/oroex.net\/it\/gioielli-su-misura\/","title":{"rendered":"Gioielli su ordinazione"},"content":{"rendered":"\t\t<div data-elementor-type=\"wp-page\" data-elementor-id=\"302\" class=\"elementor elementor-302\" data-elementor-post-type=\"page\">\n\t\t\t\t\t\t<section class=\"elementor-section elementor-top-section elementor-element elementor-element-3f8a52a7 elementor-section-full_width elementor-section-stretched elementor-section-height-default elementor-section-height-default wpr-particle-no wpr-jarallax-no wpr-parallax-no wpr-sticky-section-no wpr-equal-height-no\" data-id=\"3f8a52a7\" data-element_type=\"section\" data-e-type=\"section\" data-settings=\"{&quot;background_background&quot;:&quot;classic&quot;,&quot;stretch_section&quot;:&quot;section-stretched&quot;}\">\n\t\t\t\t\t\t\t<div class=\"elementor-background-overlay\"><\/div>\n\t\t\t\t\t\t\t<div class=\"elementor-container elementor-column-gap-extended\">\n\t\t\t\t\t<div class=\"elementor-column elementor-col-100 elementor-top-column elementor-element elementor-element-3989eecd\" data-id=\"3989eecd\" data-element_type=\"column\" data-e-type=\"column\" data-settings=\"{&quot;background_background&quot;:&quot;classic&quot;}\">\n\t\t\t<div class=\"elementor-widget-wrap elementor-element-populated\">\n\t\t\t\t\t\t<div class=\"elementor-element elementor-element-f1d5afc elementor-widget elementor-widget-heading\" data-id=\"f1d5afc\" data-element_type=\"widget\" data-e-type=\"widget\" data-widget_type=\"heading.default\">\n\t\t\t\t<div class=\"elementor-widget-container\">\n\t\t\t\t\t<h1 class=\"elementor-heading-title elementor-size-default\">Joyas por encargo<\/h1>\t\t\t\t<\/div>\n\t\t\t\t<\/div>\n\t\t\t\t<section class=\"elementor-section elementor-inner-section elementor-element elementor-element-6e8187b8 elementor-section-full_width elementor-section-height-default elementor-section-height-default wpr-particle-no wpr-jarallax-no wpr-parallax-no wpr-sticky-section-no wpr-equal-height-no\" data-id=\"6e8187b8\" data-element_type=\"section\" data-e-type=\"section\" data-settings=\"{&quot;background_background&quot;:&quot;classic&quot;}\">\n\t\t\t\t\t\t\t<div class=\"elementor-background-overlay\"><\/div>\n\t\t\t\t\t\t\t<div class=\"elementor-container elementor-column-gap-wider\">\n\t\t\t\t\t<div class=\"elementor-column elementor-col-100 elementor-inner-column elementor-element elementor-element-1690ee24\" data-id=\"1690ee24\" data-element_type=\"column\" data-e-type=\"column\">\n\t\t\t<div class=\"elementor-widget-wrap elementor-element-populated\">\n\t\t\t\t\t\t<div class=\"elementor-element elementor-element-329b7483 elementor-widget__width-initial elementor-widget elementor-widget-text-editor\" data-id=\"329b7483\" data-element_type=\"widget\" data-e-type=\"widget\" data-widget_type=\"text-editor.default\">\n\t\t\t\t<div class=\"elementor-widget-container\">\n\t\t\t\t\t\t\t\t\t<p>Dise\u00f1amos y elaboramos su joya exclusiva.<\/p><p>Una joya es mucho mas que los materiales de los que est\u00e1 hecha.<\/p><p>No dude en consultarnos, porque adem\u00e1s de adquirir una joya \u00fanica, exclusiva y elaborada artesanalmente, usted va a ahorrar mucho dinero.<\/p><p>La adquisici\u00f3n de su joya va a suponer una magn\u00edfica inversi\u00f3n de valor.<\/p>\t\t\t\t\t\t\t\t<\/div>\n\t\t\t\t<\/div>\n\t\t\t\t<div class=\"elementor-element elementor-element-2fb18df elementor-widget elementor-widget-wpforms\" data-id=\"2fb18df\" data-element_type=\"widget\" data-e-type=\"widget\" data-widget_type=\"wpforms.default\">\n\t\t\t\t<div class=\"elementor-widget-container\">\n\t\t\t\t\t<style id=\"wpforms-css-vars-elementor-widget-2fb18df\">\n\t\t\t\t.elementor-widget-wpforms.elementor-element-2fb18df {\n\t\t\t\t--wpforms-button-background-color: #C7AC34;\n\t\t\t}\n\t\t\t<\/style><div class=\"wpforms-container wpforms-container-full wpforms-render-modern\" id=\"wpforms-737\"><form id=\"wpforms-form-737\" class=\"wpforms-validate wpforms-form wpforms-ajax-form\" data-formid=\"737\" method=\"post\" enctype=\"multipart\/form-data\" action=\"\/it\/wp-json\/wp\/v2\/pages\/302\" data-token=\"5f820907570a8b060f5b1704d0d04e42\" data-token-time=\"1777451109\"><noscript class=\"wpforms-error-noscript\">Abilita JavaScript nel browser per completare questo modulo.<\/noscript><div id=\"wpforms-error-noscript\" style=\"display: none;\">Abilita JavaScript nel browser per completare questo modulo.<\/div><div class=\"wpforms-field-container\"><div id=\"wpforms-737-field_0-container\" class=\"wpforms-field wpforms-field-name\" data-field-id=\"0\"><label class=\"wpforms-field-label\" for=\"wpforms-737-field_0\">Nombre <span class=\"wpforms-required-label\" aria-hidden=\"true\">*<\/span><\/label><input type=\"text\" id=\"wpforms-737-field_0\" class=\"wpforms-field-medium wpforms-field-required\" name=\"wpforms[fields][0]\" aria-errormessage=\"wpforms-737-field_0-error\" required><\/div><div id=\"wpforms-737-field_13-container\" class=\"wpforms-field wpforms-field-text\" data-field-id=\"13\"><label class=\"wpforms-field-label\" for=\"wpforms-737-field_13\">Fecha de aniversario<\/label><input type=\"text\" id=\"wpforms-737-field_13\" class=\"wpforms-field-medium\" name=\"wpforms[fields][13]\" aria-errormessage=\"wpforms-737-field_13-error\" ><\/div><div id=\"wpforms-737-field_1-container\" class=\"wpforms-field wpforms-field-email\" data-field-id=\"1\"><label class=\"wpforms-field-label\" for=\"wpforms-737-field_1\">Correo electr\u00f3nico <span class=\"wpforms-required-label\" aria-hidden=\"true\">*<\/span><\/label><input type=\"email\" id=\"wpforms-737-field_1\" class=\"wpforms-field-medium wpforms-field-required\" name=\"wpforms[fields][1]\" spellcheck=\"false\" aria-errormessage=\"wpforms-737-field_1-error\" required><\/div><div id=\"wpforms-737-field_3-container\" class=\"wpforms-field wpforms-field-radio\" data-field-id=\"3\"><fieldset><legend class=\"wpforms-field-label\">Tipo de joya<\/legend><ul id=\"wpforms-737-field_3\"><li class=\"choice-1 depth-1\"><input type=\"radio\" id=\"wpforms-737-field_3_1\" name=\"wpforms[fields][3]\" value=\"Anillo\" aria-errormessage=\"wpforms-737-field_3_1-error\"  ><label class=\"wpforms-field-label-inline\" for=\"wpforms-737-field_3_1\">Anillo<\/label><\/li><li class=\"choice-2 depth-1\"><input type=\"radio\" id=\"wpforms-737-field_3_2\" name=\"wpforms[fields][3]\" value=\"Pendientes\" aria-errormessage=\"wpforms-737-field_3_2-error\"  ><label class=\"wpforms-field-label-inline\" for=\"wpforms-737-field_3_2\">Pendientes<\/label><\/li><li class=\"choice-3 depth-1\"><input type=\"radio\" id=\"wpforms-737-field_3_3\" name=\"wpforms[fields][3]\" value=\"Cadena\" aria-errormessage=\"wpforms-737-field_3_3-error\"  ><label class=\"wpforms-field-label-inline\" for=\"wpforms-737-field_3_3\">Cadena<\/label><\/li><li class=\"choice-7 depth-1\"><input type=\"radio\" id=\"wpforms-737-field_3_7\" name=\"wpforms[fields][3]\" value=\"Colgante\" aria-errormessage=\"wpforms-737-field_3_7-error\"  ><label class=\"wpforms-field-label-inline\" for=\"wpforms-737-field_3_7\">Colgante<\/label><\/li><li class=\"choice-6 depth-1\"><input type=\"radio\" id=\"wpforms-737-field_3_6\" name=\"wpforms[fields][3]\" value=\"Alianza\" aria-errormessage=\"wpforms-737-field_3_6-error\"  ><label class=\"wpforms-field-label-inline\" for=\"wpforms-737-field_3_6\">Alianza<\/label><\/li><li class=\"choice-5 depth-1\"><input type=\"radio\" id=\"wpforms-737-field_3_5\" name=\"wpforms[fields][3]\" value=\"Pulsera\" aria-errormessage=\"wpforms-737-field_3_5-error\"  ><label class=\"wpforms-field-label-inline\" for=\"wpforms-737-field_3_5\">Pulsera<\/label><\/li><li class=\"choice-4 depth-1\"><input type=\"radio\" id=\"wpforms-737-field_3_4\" name=\"wpforms[fields][3]\" value=\"Otro\" aria-errormessage=\"wpforms-737-field_3_4-error\"  ><label class=\"wpforms-field-label-inline\" for=\"wpforms-737-field_3_4\">Otro<\/label><\/li><\/ul><\/fieldset><\/div><div id=\"wpforms-737-field_4-container\" class=\"wpforms-field wpforms-field-radio\" data-field-id=\"4\"><fieldset><legend class=\"wpforms-field-label\">Metal<\/legend><ul id=\"wpforms-737-field_4\"><li class=\"choice-1 depth-1\"><input type=\"radio\" id=\"wpforms-737-field_4_1\" name=\"wpforms[fields][4]\" value=\"Oro amarillo de 18K\" aria-errormessage=\"wpforms-737-field_4_1-error\"  ><label class=\"wpforms-field-label-inline\" for=\"wpforms-737-field_4_1\">Oro amarillo de 18K<\/label><\/li><li class=\"choice-2 depth-1\"><input type=\"radio\" id=\"wpforms-737-field_4_2\" name=\"wpforms[fields][4]\" value=\"Oro blanco de 18K\" aria-errormessage=\"wpforms-737-field_4_2-error\"  ><label class=\"wpforms-field-label-inline\" for=\"wpforms-737-field_4_2\">Oro blanco de 18K<\/label><\/li><li class=\"choice-3 depth-1\"><input type=\"radio\" id=\"wpforms-737-field_4_3\" name=\"wpforms[fields][4]\" value=\"Otro\" aria-errormessage=\"wpforms-737-field_4_3-error\"  ><label class=\"wpforms-field-label-inline\" for=\"wpforms-737-field_4_3\">Otro<\/label><\/li><\/ul><\/fieldset><\/div><div id=\"wpforms-737-field_5-container\" class=\"wpforms-field wpforms-field-text\" data-field-id=\"5\"><label class=\"wpforms-field-label\" for=\"wpforms-737-field_5\">Tama\u00f1o<\/label><input type=\"text\" id=\"wpforms-737-field_5\" class=\"wpforms-field-medium\" name=\"wpforms[fields][5]\" aria-errormessage=\"wpforms-737-field_5-error\" aria-describedby=\"wpforms-737-field_5-description\" ><div id=\"wpforms-737-field_5-description\" class=\"wpforms-field-description\">Indica el largo y ancho<\/div><\/div><div id=\"wpforms-737-field_6-container\" class=\"wpforms-field wpforms-field-text\" data-field-id=\"6\"><label class=\"wpforms-field-label\" for=\"wpforms-737-field_6\">Peso<\/label><input type=\"text\" id=\"wpforms-737-field_6\" class=\"wpforms-field-medium\" name=\"wpforms[fields][6]\" aria-errormessage=\"wpforms-737-field_6-error\" ><\/div><div id=\"wpforms-737-field_7-container\" class=\"wpforms-field wpforms-field-radio\" data-field-id=\"7\"><fieldset><legend class=\"wpforms-field-label\">Piedra principal<\/legend><ul id=\"wpforms-737-field_7\"><li class=\"choice-1 depth-1\"><input type=\"radio\" id=\"wpforms-737-field_7_1\" name=\"wpforms[fields][7]\" value=\"Diamante\" aria-errormessage=\"wpforms-737-field_7_1-error\"  ><label class=\"wpforms-field-label-inline\" for=\"wpforms-737-field_7_1\">Diamante<\/label><\/li><li class=\"choice-2 depth-1\"><input type=\"radio\" id=\"wpforms-737-field_7_2\" name=\"wpforms[fields][7]\" value=\"Esmeralda\" aria-errormessage=\"wpforms-737-field_7_2-error\"  ><label class=\"wpforms-field-label-inline\" for=\"wpforms-737-field_7_2\">Esmeralda<\/label><\/li><li class=\"choice-3 depth-1\"><input type=\"radio\" id=\"wpforms-737-field_7_3\" name=\"wpforms[fields][7]\" value=\"Rub\u00ed\" aria-errormessage=\"wpforms-737-field_7_3-error\"  ><label class=\"wpforms-field-label-inline\" for=\"wpforms-737-field_7_3\">Rub\u00ed<\/label><\/li><li class=\"choice-7 depth-1\"><input type=\"radio\" id=\"wpforms-737-field_7_7\" name=\"wpforms[fields][7]\" value=\"Zafiro\" aria-errormessage=\"wpforms-737-field_7_7-error\"  ><label class=\"wpforms-field-label-inline\" for=\"wpforms-737-field_7_7\">Zafiro<\/label><\/li><li class=\"choice-6 depth-1\"><input type=\"radio\" id=\"wpforms-737-field_7_6\" name=\"wpforms[fields][7]\" value=\"Perlas naturales\" aria-errormessage=\"wpforms-737-field_7_6-error\"  ><label class=\"wpforms-field-label-inline\" for=\"wpforms-737-field_7_6\">Perlas naturales<\/label><\/li><li class=\"choice-5 depth-1\"><input type=\"radio\" id=\"wpforms-737-field_7_5\" name=\"wpforms[fields][7]\" value=\"Topacio\" aria-errormessage=\"wpforms-737-field_7_5-error\"  ><label class=\"wpforms-field-label-inline\" for=\"wpforms-737-field_7_5\">Topacio<\/label><\/li><li class=\"choice-4 depth-1\"><input type=\"radio\" id=\"wpforms-737-field_7_4\" name=\"wpforms[fields][7]\" value=\"Otra\" aria-errormessage=\"wpforms-737-field_7_4-error\"  ><label class=\"wpforms-field-label-inline\" for=\"wpforms-737-field_7_4\">Otra<\/label><\/li><\/ul><\/fieldset><\/div><div id=\"wpforms-737-field_9-container\" class=\"wpforms-field wpforms-field-text\" data-field-id=\"9\"><label class=\"wpforms-field-label\" for=\"wpforms-737-field_9\">Peso, quilates o medida en mm de la piedra principal<\/label><input type=\"text\" id=\"wpforms-737-field_9\" class=\"wpforms-field-medium\" name=\"wpforms[fields][9]\" aria-errormessage=\"wpforms-737-field_9-error\" aria-describedby=\"wpforms-737-field_9-description\" ><div id=\"wpforms-737-field_9-description\" class=\"wpforms-field-description\">Aproximado<\/div><\/div><div id=\"wpforms-737-field_10-container\" class=\"wpforms-field wpforms-field-radio\" data-field-id=\"10\"><fieldset><legend class=\"wpforms-field-label\">Piedras circuncidantes<\/legend><ul id=\"wpforms-737-field_10\"><li class=\"choice-1 depth-1\"><input type=\"radio\" id=\"wpforms-737-field_10_1\" name=\"wpforms[fields][10]\" value=\"Diamante\" aria-errormessage=\"wpforms-737-field_10_1-error\"  ><label class=\"wpforms-field-label-inline\" for=\"wpforms-737-field_10_1\">Diamante<\/label><\/li><li class=\"choice-2 depth-1\"><input type=\"radio\" id=\"wpforms-737-field_10_2\" name=\"wpforms[fields][10]\" value=\"Esmeralda\" aria-errormessage=\"wpforms-737-field_10_2-error\"  ><label class=\"wpforms-field-label-inline\" for=\"wpforms-737-field_10_2\">Esmeralda<\/label><\/li><li class=\"choice-3 depth-1\"><input type=\"radio\" id=\"wpforms-737-field_10_3\" name=\"wpforms[fields][10]\" value=\"Rub\u00ed\" aria-errormessage=\"wpforms-737-field_10_3-error\"  ><label class=\"wpforms-field-label-inline\" for=\"wpforms-737-field_10_3\">Rub\u00ed<\/label><\/li><li class=\"choice-8 depth-1\"><input type=\"radio\" id=\"wpforms-737-field_10_8\" name=\"wpforms[fields][10]\" value=\"Zafiro\" aria-errormessage=\"wpforms-737-field_10_8-error\"  ><label class=\"wpforms-field-label-inline\" for=\"wpforms-737-field_10_8\">Zafiro<\/label><\/li><li class=\"choice-7 depth-1\"><input type=\"radio\" id=\"wpforms-737-field_10_7\" name=\"wpforms[fields][10]\" value=\"Perlas naturales\" aria-errormessage=\"wpforms-737-field_10_7-error\"  ><label class=\"wpforms-field-label-inline\" for=\"wpforms-737-field_10_7\">Perlas naturales<\/label><\/li><li class=\"choice-6 depth-1\"><input type=\"radio\" id=\"wpforms-737-field_10_6\" name=\"wpforms[fields][10]\" value=\"Topacio\" aria-errormessage=\"wpforms-737-field_10_6-error\"  ><label class=\"wpforms-field-label-inline\" for=\"wpforms-737-field_10_6\">Topacio<\/label><\/li><li class=\"choice-5 depth-1\"><input type=\"radio\" id=\"wpforms-737-field_10_5\" name=\"wpforms[fields][10]\" value=\"Piedras diversas\" aria-errormessage=\"wpforms-737-field_10_5-error\"  ><label class=\"wpforms-field-label-inline\" for=\"wpforms-737-field_10_5\">Piedras diversas<\/label><\/li><li class=\"choice-4 depth-1\"><input type=\"radio\" id=\"wpforms-737-field_10_4\" name=\"wpforms[fields][10]\" value=\"Otras\" aria-errormessage=\"wpforms-737-field_10_4-error\"  ><label class=\"wpforms-field-label-inline\" for=\"wpforms-737-field_10_4\">Otras<\/label><\/li><\/ul><\/fieldset><\/div><div id=\"wpforms-737-field_2-container\" class=\"wpforms-field wpforms-field-textarea\" data-field-id=\"2\"><label class=\"wpforms-field-label\" for=\"wpforms-737-field_2\">Comentario o mensaje<\/label><textarea id=\"wpforms-737-field_2\" class=\"wpforms-field-medium\" name=\"wpforms[fields][2]\" aria-errormessage=\"wpforms-737-field_2-error\" aria-describedby=\"wpforms-737-field_2-description\" ><\/textarea><div id=\"wpforms-737-field_2-description\" class=\"wpforms-field-description\">Explica con detalle como desear\u00eda su joya, en caso de haber elegido la opci\u00f3n ''otro'' en uno de nuestros apartados ind\u00edquenos que opci\u00f3n desear\u00eda<\/div><\/div><\/div><!-- .wpforms-field-container --><div class=\"wpforms-recaptcha-container wpforms-is-recaptcha wpforms-is-recaptcha-type-v3\" ><input type=\"hidden\" name=\"wpforms[recaptcha]\" value=\"\"><\/div><div class=\"wpforms-submit-container\" ><input type=\"hidden\" name=\"wpforms[id]\" value=\"737\"><input type=\"hidden\" name=\"page_title\" value=\"\"><input type=\"hidden\" name=\"page_url\" value=\"https:\/\/oroex.net\/it\/wp-json\/wp\/v2\/pages\/302\"><input type=\"hidden\" name=\"url_referer\" value=\"\"><button type=\"submit\" name=\"wpforms[submit]\" id=\"wpforms-submit-737\" class=\"wpforms-submit\" data-alt-text=\"Enviando...\" data-submit-text=\"Enviar\" aria-live=\"assertive\" value=\"wpforms-submit\">Enviar<\/button><img decoding=\"async\" src=\"https:\/\/oroex.net\/wp-content\/plugins\/wpforms-lite\/assets\/images\/submit-spin.svg\" class=\"wpforms-submit-spinner\" style=\"display: none;\" width=\"26\" height=\"26\" alt=\"Caricamento\"><\/div><\/form><\/div>  <!-- .wpforms-container -->\t\t\t\t<\/div>\n\t\t\t\t<\/div>\n\t\t\t\t\t<\/div>\n\t\t<\/div>\n\t\t\t\t\t<\/div>\n\t\t<\/section>\n\t\t\t\t\t<\/div>\n\t\t<\/div>\n\t\t\t\t\t<\/div>\n\t\t<\/section>\n\t\t\t\t<\/div>\n\t\t","protected":false},"excerpt":{"rendered":"<p>Gioielli su ordinazione Progettiamo e realizziamo i vostri gioielli esclusivi. Un gioiello \u00e8 molto di pi\u00f9 dei materiali di cui \u00e8 fatto. Non esitate a consultarci, perch\u00e9 oltre ad acquistare un gioiello unico, esclusivo e fatto a mano, risparmierete molto denaro. L'acquisto del vostro gioiello sar\u00e0 un magnifico investimento di valore. Si prega di abilitare JavaScript nel browser per compilare questo modulo.Nome *Data anniversarioEmail *Tipo di gioiello Anello Orecchini Catena Ciondolo Anello Bracciale Altro Metallo Oro giallo 18 carati Oro bianco 18 carati Altro DimensioniIndicare la lunghezza e la larghezzaPeso Pietra principale Diamante Smeraldo Rubino Zaffiro Zaffiro Perle naturali Topazio Altro Peso, caratura o misura in mm della pietra principalePietre di circoncisione approssimative Diamante Smeraldo Rubino Zaffiro Perle naturali Topazio Pietre varie Altro Commento o messaggioSpiega dettagliatamente come vorresti il tuo gioiello, in caso...<\/p>\n<p> <a class=\"more-link\" href=\"https:\/\/oroex.net\/it\/gioielli-su-misura\/\">Leggi tutto<\/a><\/p>","protected":false},"author":1,"featured_media":0,"parent":0,"menu_order":0,"comment_status":"closed","ping_status":"closed","template":"elementor_header_footer","meta":{"footnotes":""},"class_list":["post-302","page","type-page","status-publish"],"_links":{"self":[{"href":"https:\/\/oroex.net\/it\/wp-json\/wp\/v2\/pages\/302","targetHints":{"allow":["GET"]}}],"collection":[{"href":"https:\/\/oroex.net\/it\/wp-json\/wp\/v2\/pages"}],"about":[{"href":"https:\/\/oroex.net\/it\/wp-json\/wp\/v2\/types\/page"}],"author":[{"embeddable":true,"href":"https:\/\/oroex.net\/it\/wp-json\/wp\/v2\/users\/1"}],"replies":[{"embeddable":true,"href":"https:\/\/oroex.net\/it\/wp-json\/wp\/v2\/comments?post=302"}],"version-history":[{"count":6,"href":"https:\/\/oroex.net\/it\/wp-json\/wp\/v2\/pages\/302\/revisions"}],"predecessor-version":[{"id":1525,"href":"https:\/\/oroex.net\/it\/wp-json\/wp\/v2\/pages\/302\/revisions\/1525"}],"wp:attachment":[{"href":"https:\/\/oroex.net\/it\/wp-json\/wp\/v2\/media?parent=302"}],"curies":[{"name":"wp","href":"https:\/\/api.w.org\/{rel}","templated":true}]}}