{"id":718,"date":"2023-06-03T12:14:14","date_gmt":"2023-06-03T12:14:14","guid":{"rendered":"https:\/\/oroex.net\/?post_type=product&#038;p=718"},"modified":"2023-11-10T12:12:24","modified_gmt":"2023-11-10T12:12:24","slug":"lingote-de-paladio-10-gramos","status":"publish","type":"product","link":"https:\/\/oroex.net\/fr\/product\/lingot-de-palladium-10-grammes\/","title":{"rendered":"Lingot de palladium 10 grammes"},"content":{"rendered":"","protected":false},"excerpt":{"rendered":"<p>Palladium 999.5 10 grammes barre d'investissement<\/p>\n<p>Num\u00e9ro de s\u00e9rie et certificat original de la LBMA.<\/p>\n<p>Cr\u00e9\u00e9e par la raffinerie exclusive<strong> SEMPSA JP<\/strong>fond\u00e9e en 1920 et leader europ\u00e9en.<\/p>\n<p>Il est pr\u00e9sent\u00e9 dans un blister de s\u00e9curit\u00e9 qui, lorsqu'il est ouvert, pr\u00e9sente une marque indiquant qu'il a \u00e9t\u00e9 ouvert.<\/p>\n<ul>\n<li><strong>Poids :<\/strong> 10 grammes<\/li>\n<li><strong>La puret\u00e9 :<\/strong> 999.5<\/li>\n<li><strong>Mesures :<\/strong> 31,82 x 15,82 x 1,266<\/li>\n<\/ul>\n<p>L'envoi sera effectu\u00e9 par transport ASSUR\u00c9, dans un d\u00e9lai de 24 \u00e0 72 heures les jours ouvrables. Le colis sera livr\u00e9 \u00e0 la personne \u00e0 l'adresse indiqu\u00e9e.<\/p>\n<pre><strong>Demande de prix par WhatsApp au Tel- +34 691 636 585<\/strong><\/pre>\n<p>&nbsp;<\/p>\n<p> <a class=\"more-link\" href=\"https:\/\/oroex.net\/fr\/product\/lingot-de-palladium-10-grammes\/\">Lire la suite<\/a><\/p>","protected":false},"featured_media":1234,"comment_status":"open","ping_status":"closed","template":"","meta":[],"product_brand":[],"product_cat":[35,39],"product_tag":[],"class_list":{"0":"post-718","1":"product","2":"type-product","3":"status-publish","4":"has-post-thumbnail","6":"product_cat-lingotes-de-paladio","7":"product_cat-tienda","8":"product_shipping_class-ups","10":"first","11":"instock","12":"shipping-taxable","13":"product-type-simple"},"_links":{"self":[{"href":"https:\/\/oroex.net\/fr\/wp-json\/wp\/v2\/product\/718","targetHints":{"allow":["GET"]}}],"collection":[{"href":"https:\/\/oroex.net\/fr\/wp-json\/wp\/v2\/product"}],"about":[{"href":"https:\/\/oroex.net\/fr\/wp-json\/wp\/v2\/types\/product"}],"replies":[{"embeddable":true,"href":"https:\/\/oroex.net\/fr\/wp-json\/wp\/v2\/comments?post=718"}],"version-history":[{"count":1,"href":"https:\/\/oroex.net\/fr\/wp-json\/wp\/v2\/product\/718\/revisions"}],"predecessor-version":[{"id":1585,"href":"https:\/\/oroex.net\/fr\/wp-json\/wp\/v2\/product\/718\/revisions\/1585"}],"wp:featuredmedia":[{"embeddable":true,"href":"https:\/\/oroex.net\/fr\/wp-json\/wp\/v2\/media\/1234"}],"wp:attachment":[{"href":"https:\/\/oroex.net\/fr\/wp-json\/wp\/v2\/media?parent=718"}],"wp:term":[{"taxonomy":"product_brand","embeddable":true,"href":"https:\/\/oroex.net\/fr\/wp-json\/wp\/v2\/product_brand?post=718"},{"taxonomy":"product_cat","embeddable":true,"href":"https:\/\/oroex.net\/fr\/wp-json\/wp\/v2\/product_cat?post=718"},{"taxonomy":"product_tag","embeddable":true,"href":"https:\/\/oroex.net\/fr\/wp-json\/wp\/v2\/product_tag?post=718"}],"curies":[{"name":"wp","href":"https:\/\/api.w.org\/{rel}","templated":true}]}}