{"id":660,"date":"2023-06-03T08:56:54","date_gmt":"2023-06-03T08:56:54","guid":{"rendered":"https:\/\/oroex.net\/?post_type=product&#038;p=660"},"modified":"2023-11-10T15:16:24","modified_gmt":"2023-11-10T15:16:24","slug":"lingote-de-plata-250-gramos","status":"publish","type":"product","link":"https:\/\/oroex.net\/fr\/product\/lingot-dargent-250-grammes\/","title":{"rendered":"Lingot d'argent 250 grammes"},"content":{"rendered":"","protected":false},"excerpt":{"rendered":"<p>Num\u00e9ro de s\u00e9rie et certificats LBMA.<\/p>\n<p>Cr\u00e9\u00e9e par la raffinerie exclusive <strong>SEMPSA JP<\/strong>fond\u00e9e en 1920 et leader europ\u00e9en.<\/p>\n<ul>\n<li><strong>Poids :<\/strong> 250 grammes<\/li>\n<li><strong>La puret\u00e9 :<\/strong> 999<\/li>\n<li><strong>Mesures :<\/strong> 40,0 x 70,0 x 9,7<\/li>\n<\/ul>\n<p>L'envoi sera effectu\u00e9 par transport ASSUR\u00c9, dans un d\u00e9lai de 24 \u00e0 72 heures les jours ouvrables. Le colis sera livr\u00e9 \u00e0 la personne \u00e0 l'adresse indiqu\u00e9e.<\/p>\n<pre><strong>Demande de prix par WhatsApp au Tel- +34 691 636 585<\/strong><\/pre>\n<p> <a class=\"more-link\" href=\"https:\/\/oroex.net\/fr\/product\/lingot-dargent-250-grammes\/\">Lire la suite<\/a><\/p>","protected":false},"featured_media":661,"comment_status":"open","ping_status":"closed","template":"","meta":[],"product_brand":[],"product_cat":[30,39],"product_tag":[],"class_list":{"0":"post-660","1":"product","2":"type-product","3":"status-publish","4":"has-post-thumbnail","6":"product_cat-lingotes-de-plata","7":"product_cat-tienda","8":"product_shipping_class-ups","10":"first","11":"instock","12":"shipping-taxable","13":"product-type-simple"},"_links":{"self":[{"href":"https:\/\/oroex.net\/fr\/wp-json\/wp\/v2\/product\/660","targetHints":{"allow":["GET"]}}],"collection":[{"href":"https:\/\/oroex.net\/fr\/wp-json\/wp\/v2\/product"}],"about":[{"href":"https:\/\/oroex.net\/fr\/wp-json\/wp\/v2\/types\/product"}],"replies":[{"embeddable":true,"href":"https:\/\/oroex.net\/fr\/wp-json\/wp\/v2\/comments?post=660"}],"version-history":[{"count":1,"href":"https:\/\/oroex.net\/fr\/wp-json\/wp\/v2\/product\/660\/revisions"}],"predecessor-version":[{"id":1594,"href":"https:\/\/oroex.net\/fr\/wp-json\/wp\/v2\/product\/660\/revisions\/1594"}],"wp:featuredmedia":[{"embeddable":true,"href":"https:\/\/oroex.net\/fr\/wp-json\/wp\/v2\/media\/661"}],"wp:attachment":[{"href":"https:\/\/oroex.net\/fr\/wp-json\/wp\/v2\/media?parent=660"}],"wp:term":[{"taxonomy":"product_brand","embeddable":true,"href":"https:\/\/oroex.net\/fr\/wp-json\/wp\/v2\/product_brand?post=660"},{"taxonomy":"product_cat","embeddable":true,"href":"https:\/\/oroex.net\/fr\/wp-json\/wp\/v2\/product_cat?post=660"},{"taxonomy":"product_tag","embeddable":true,"href":"https:\/\/oroex.net\/fr\/wp-json\/wp\/v2\/product_tag?post=660"}],"curies":[{"name":"wp","href":"https:\/\/api.w.org\/{rel}","templated":true}]}}