{"id":652,"date":"2023-06-03T08:43:04","date_gmt":"2023-06-03T08:43:04","guid":{"rendered":"https:\/\/oroex.net\/?post_type=product&#038;p=652"},"modified":"2023-11-10T15:18:32","modified_gmt":"2023-11-10T15:18:32","slug":"lingote-de-plata-50-gramos","status":"publish","type":"product","link":"https:\/\/oroex.net\/fr\/product\/lingot-dargent-50-grammes\/","title":{"rendered":"Lingot d'argent 50 grammes"},"content":{"rendered":"","protected":false},"excerpt":{"rendered":"<p>Barre d'investissement en argent 999 de 50 grammes<\/p>\n<p>Num\u00e9rot\u00e9 en s\u00e9rie et certifi\u00e9 par la LBMA.<\/p>\n<p>Cr\u00e9\u00e9e par la raffinerie exclusive <strong>SEMPSA JP<\/strong>fond\u00e9e en 1920 et leader europ\u00e9en.<\/p>\n<ul>\n<li><strong>Poids :<\/strong> 50 grammes<\/li>\n<li><strong>La puret\u00e9 :<\/strong> 999<\/li>\n<li><strong>Mesures :<\/strong> 27,5 x 38,5 x 4,9<\/li>\n<\/ul>\n<p>L'envoi sera effectu\u00e9 par transport ASSUR\u00c9, dans un d\u00e9lai de 24 \u00e0 72 heures les jours ouvrables. Le colis sera livr\u00e9 \u00e0 la personne \u00e0 l'adresse indiqu\u00e9e.<\/p>\n<pre><strong>Demande de prix par WhatsApp au Tel- +34 691 636 585<\/strong><\/pre>\n<p> <a class=\"more-link\" href=\"https:\/\/oroex.net\/fr\/product\/lingot-dargent-50-grammes\/\">Lire la suite<\/a><\/p>","protected":false},"featured_media":653,"comment_status":"open","ping_status":"closed","template":"","meta":[],"product_brand":[],"product_cat":[30,39],"product_tag":[],"class_list":{"0":"post-652","1":"product","2":"type-product","3":"status-publish","4":"has-post-thumbnail","6":"product_cat-lingotes-de-plata","7":"product_cat-tienda","8":"product_shipping_class-ups","10":"first","11":"instock","12":"shipping-taxable","13":"product-type-simple"},"_links":{"self":[{"href":"https:\/\/oroex.net\/fr\/wp-json\/wp\/v2\/product\/652","targetHints":{"allow":["GET"]}}],"collection":[{"href":"https:\/\/oroex.net\/fr\/wp-json\/wp\/v2\/product"}],"about":[{"href":"https:\/\/oroex.net\/fr\/wp-json\/wp\/v2\/types\/product"}],"replies":[{"embeddable":true,"href":"https:\/\/oroex.net\/fr\/wp-json\/wp\/v2\/comments?post=652"}],"version-history":[{"count":1,"href":"https:\/\/oroex.net\/fr\/wp-json\/wp\/v2\/product\/652\/revisions"}],"predecessor-version":[{"id":1596,"href":"https:\/\/oroex.net\/fr\/wp-json\/wp\/v2\/product\/652\/revisions\/1596"}],"wp:featuredmedia":[{"embeddable":true,"href":"https:\/\/oroex.net\/fr\/wp-json\/wp\/v2\/media\/653"}],"wp:attachment":[{"href":"https:\/\/oroex.net\/fr\/wp-json\/wp\/v2\/media?parent=652"}],"wp:term":[{"taxonomy":"product_brand","embeddable":true,"href":"https:\/\/oroex.net\/fr\/wp-json\/wp\/v2\/product_brand?post=652"},{"taxonomy":"product_cat","embeddable":true,"href":"https:\/\/oroex.net\/fr\/wp-json\/wp\/v2\/product_cat?post=652"},{"taxonomy":"product_tag","embeddable":true,"href":"https:\/\/oroex.net\/fr\/wp-json\/wp\/v2\/product_tag?post=652"}],"curies":[{"name":"wp","href":"https:\/\/api.w.org\/{rel}","templated":true}]}}