{"id":509,"date":"2023-05-30T18:39:57","date_gmt":"2023-05-30T18:39:57","guid":{"rendered":"https:\/\/oroex.net\/?post_type=product&#038;p=509"},"modified":"2024-11-02T10:58:44","modified_gmt":"2024-11-02T10:58:44","slug":"lingote-de-oro-100-gramos","status":"publish","type":"product","link":"https:\/\/oroex.net\/fr\/product\/barre-dor-100-grammes\/","title":{"rendered":"Barre d'or 100 grammes"},"content":{"rendered":"","protected":false},"excerpt":{"rendered":"<p>Barre d'investissement de 100 grammes d'or fin 999.9 \"Bonne livraison\".<\/p>\n<p>Avec num\u00e9ro de s\u00e9rie et certificat original de la LBMA.<\/p>\n<p>Cr\u00e9\u00e9e par la raffinerie exclusive <strong>SEMPSA JP<\/strong>fond\u00e9e en 1920 et leader europ\u00e9en.<\/p>\n<p>Il est pr\u00e9sent\u00e9 dans un blister de s\u00e9curit\u00e9 qui, lorsqu'il est ouvert, pr\u00e9sente une marque indiquant qu'il a \u00e9t\u00e9 ouvert.<\/p>\n<ul>\n<li><strong>Poids :<\/strong> 100 grammes<\/li>\n<li><strong>La puret\u00e9 :<\/strong> 999.9<\/li>\n<li><strong>Mesures :<\/strong> 41,82 x 23,82 x 5,220<\/li>\n<\/ul>\n<pre><strong>Demande de devis par WhatsApp Tel- +34 691 636 585<\/strong><\/pre>\n<p>&nbsp;<\/p>\n<p> <a class=\"more-link\" href=\"https:\/\/oroex.net\/fr\/product\/barre-dor-100-grammes\/\">Lire la suite<\/a><\/p>","protected":false},"featured_media":1252,"comment_status":"open","ping_status":"closed","template":"","meta":[],"product_brand":[],"product_cat":[19,39],"product_tag":[],"class_list":{"0":"post-509","1":"product","2":"type-product","3":"status-publish","4":"has-post-thumbnail","6":"product_cat-lingotes-de-oro","7":"product_cat-tienda","8":"product_shipping_class-ups","10":"first","11":"instock","12":"shipping-taxable","13":"product-type-simple"},"_links":{"self":[{"href":"https:\/\/oroex.net\/fr\/wp-json\/wp\/v2\/product\/509","targetHints":{"allow":["GET"]}}],"collection":[{"href":"https:\/\/oroex.net\/fr\/wp-json\/wp\/v2\/product"}],"about":[{"href":"https:\/\/oroex.net\/fr\/wp-json\/wp\/v2\/types\/product"}],"replies":[{"embeddable":true,"href":"https:\/\/oroex.net\/fr\/wp-json\/wp\/v2\/comments?post=509"}],"version-history":[{"count":4,"href":"https:\/\/oroex.net\/fr\/wp-json\/wp\/v2\/product\/509\/revisions"}],"predecessor-version":[{"id":3393,"href":"https:\/\/oroex.net\/fr\/wp-json\/wp\/v2\/product\/509\/revisions\/3393"}],"wp:featuredmedia":[{"embeddable":true,"href":"https:\/\/oroex.net\/fr\/wp-json\/wp\/v2\/media\/1252"}],"wp:attachment":[{"href":"https:\/\/oroex.net\/fr\/wp-json\/wp\/v2\/media?parent=509"}],"wp:term":[{"taxonomy":"product_brand","embeddable":true,"href":"https:\/\/oroex.net\/fr\/wp-json\/wp\/v2\/product_brand?post=509"},{"taxonomy":"product_cat","embeddable":true,"href":"https:\/\/oroex.net\/fr\/wp-json\/wp\/v2\/product_cat?post=509"},{"taxonomy":"product_tag","embeddable":true,"href":"https:\/\/oroex.net\/fr\/wp-json\/wp\/v2\/product_tag?post=509"}],"curies":[{"name":"wp","href":"https:\/\/api.w.org\/{rel}","templated":true}]}}