{"id":3564,"date":"2025-04-01T09:26:33","date_gmt":"2025-04-01T09:26:33","guid":{"rendered":"https:\/\/oroex.net\/?post_type=product&#038;p=3564"},"modified":"2025-04-23T17:14:24","modified_gmt":"2025-04-23T17:14:24","slug":"pack-yara-rosa-y-yara-candy-5-aniversario","status":"publish","type":"product","link":"https:\/\/oroex.net\/fr\/product\/pack-5eme-anniversaire-de-yara-pink-et-yara-candy\/","title":{"rendered":"PACK 5\u00c8ME ANNIVERSAIRE DE YARA PINK ET YARA CANDY"},"content":{"rendered":"","protected":false},"excerpt":{"rendered":"<p>NOUVEAU - ORIGINAL - SCELL\u00c9 - FEMMES - 100 ML<\/p>\n<p>UN BEAU CADEAU ! Le coffret Lattafa Yara 5th Anniversary Pack est la combinaison parfaite pour les femmes qui souhaitent rehausser leur \u00e9l\u00e9gance et leur douceur avec un parfum inoubliable. Ce coffret comprend : Lattafa YARA Eau De Parfum et YARA CANDY. Senteurs f\u00e9minines et \u00e9l\u00e9gantes, id\u00e9ales pour les femmes qui veulent \u00e9conomiser sur les frais de port et d'emballage (AD24G76) Calle Marina 235, Barcelona. Tel et WP - 934 63 67 04 - 691 636 58<\/p>\n<p> <a class=\"more-link\" href=\"https:\/\/oroex.net\/fr\/product\/pack-5eme-anniversaire-de-yara-pink-et-yara-candy\/\">Lire la suite<\/a><\/p>","protected":false},"featured_media":3565,"comment_status":"open","ping_status":"closed","template":"","meta":[],"product_brand":[],"product_cat":[36,39],"product_tag":[],"class_list":{"0":"post-3564","1":"product","2":"type-product","3":"status-publish","4":"has-post-thumbnail","6":"product_cat-joyas-reacondicionadas","7":"product_cat-tienda","9":"first","10":"outofstock","11":"shipping-taxable","12":"purchasable","13":"product-type-simple"},"_links":{"self":[{"href":"https:\/\/oroex.net\/fr\/wp-json\/wp\/v2\/product\/3564","targetHints":{"allow":["GET"]}}],"collection":[{"href":"https:\/\/oroex.net\/fr\/wp-json\/wp\/v2\/product"}],"about":[{"href":"https:\/\/oroex.net\/fr\/wp-json\/wp\/v2\/types\/product"}],"replies":[{"embeddable":true,"href":"https:\/\/oroex.net\/fr\/wp-json\/wp\/v2\/comments?post=3564"}],"version-history":[{"count":1,"href":"https:\/\/oroex.net\/fr\/wp-json\/wp\/v2\/product\/3564\/revisions"}],"predecessor-version":[{"id":3566,"href":"https:\/\/oroex.net\/fr\/wp-json\/wp\/v2\/product\/3564\/revisions\/3566"}],"wp:featuredmedia":[{"embeddable":true,"href":"https:\/\/oroex.net\/fr\/wp-json\/wp\/v2\/media\/3565"}],"wp:attachment":[{"href":"https:\/\/oroex.net\/fr\/wp-json\/wp\/v2\/media?parent=3564"}],"wp:term":[{"taxonomy":"product_brand","embeddable":true,"href":"https:\/\/oroex.net\/fr\/wp-json\/wp\/v2\/product_brand?post=3564"},{"taxonomy":"product_cat","embeddable":true,"href":"https:\/\/oroex.net\/fr\/wp-json\/wp\/v2\/product_cat?post=3564"},{"taxonomy":"product_tag","embeddable":true,"href":"https:\/\/oroex.net\/fr\/wp-json\/wp\/v2\/product_tag?post=3564"}],"curies":[{"name":"wp","href":"https:\/\/api.w.org\/{rel}","templated":true}]}}