{"id":3538,"date":"2025-03-06T20:46:08","date_gmt":"2025-03-06T20:46:08","guid":{"rendered":"https:\/\/oroex.net\/?post_type=product&#038;p=3538"},"modified":"2025-04-21T13:13:59","modified_gmt":"2025-04-21T13:13:59","slug":"cordon-salomonico-oro-de-18-quilates","status":"publish","type":"product","link":"https:\/\/oroex.net\/fr\/product\/cordon-salomon-en-or-18-carats\/","title":{"rendered":"CORDON SALOMON - OR 18 CARATS"},"content":{"rendered":"","protected":false},"excerpt":{"rendered":"<p>Lani\u00e8re en or 18 carats. Elle est NEUVE de l'usine. Poids 9,85 gr. - Longueur 60 cm. - Largeur 4,5 mm - Fermoir mousqueton. R(9050) Livr\u00e9 avec bo\u00eete de luxe, certificat de garantie et facture. Nous vendons \u00e0 un prix sans la marge commerciale des bijoutiers, pour que votre bijou, en plus d'en profiter, soit un Magnifique Investissement, un Refuge de Valeur pour votre argent, Rentable et S\u00fbr, face \u00e0 l'inflation. Nous acceptons les paiements en BTC et USDT. Consultez notre profil pour plus de bijoux et notre PROMOTION HEBDOMADAIRE o\u00f9 nous offrons chaque semaine un : \"BIJOUX AU PRIX CO\u00dbTANT\". Calle Marina 235, Barcelone. T\u00e9l\u00e9phone et WhatsApp : - 934 63 67 04 - 691 636 585<\/p>\n<p>&nbsp;<\/p>\n<p> <a class=\"more-link\" href=\"https:\/\/oroex.net\/fr\/product\/cordon-salomon-en-or-18-carats\/\">Lire la suite<\/a><\/p>","protected":false},"featured_media":3539,"comment_status":"open","ping_status":"closed","template":"","meta":[],"product_brand":[],"product_cat":[20,18,39],"product_tag":[],"class_list":{"0":"post-3538","1":"product","2":"type-product","3":"status-publish","4":"has-post-thumbnail","6":"product_cat-cadenas","7":"product_cat-joyas-de-oro-de-18k","8":"product_cat-tienda","10":"first","11":"outofstock","12":"shipping-taxable","13":"purchasable","14":"product-type-simple"},"_links":{"self":[{"href":"https:\/\/oroex.net\/fr\/wp-json\/wp\/v2\/product\/3538","targetHints":{"allow":["GET"]}}],"collection":[{"href":"https:\/\/oroex.net\/fr\/wp-json\/wp\/v2\/product"}],"about":[{"href":"https:\/\/oroex.net\/fr\/wp-json\/wp\/v2\/types\/product"}],"replies":[{"embeddable":true,"href":"https:\/\/oroex.net\/fr\/wp-json\/wp\/v2\/comments?post=3538"}],"version-history":[{"count":1,"href":"https:\/\/oroex.net\/fr\/wp-json\/wp\/v2\/product\/3538\/revisions"}],"predecessor-version":[{"id":3540,"href":"https:\/\/oroex.net\/fr\/wp-json\/wp\/v2\/product\/3538\/revisions\/3540"}],"wp:featuredmedia":[{"embeddable":true,"href":"https:\/\/oroex.net\/fr\/wp-json\/wp\/v2\/media\/3539"}],"wp:attachment":[{"href":"https:\/\/oroex.net\/fr\/wp-json\/wp\/v2\/media?parent=3538"}],"wp:term":[{"taxonomy":"product_brand","embeddable":true,"href":"https:\/\/oroex.net\/fr\/wp-json\/wp\/v2\/product_brand?post=3538"},{"taxonomy":"product_cat","embeddable":true,"href":"https:\/\/oroex.net\/fr\/wp-json\/wp\/v2\/product_cat?post=3538"},{"taxonomy":"product_tag","embeddable":true,"href":"https:\/\/oroex.net\/fr\/wp-json\/wp\/v2\/product_tag?post=3538"}],"curies":[{"name":"wp","href":"https:\/\/api.w.org\/{rel}","templated":true}]}}