{"id":3518,"date":"2025-02-13T14:42:44","date_gmt":"2025-02-13T14:42:44","guid":{"rendered":"https:\/\/oroex.net\/?post_type=product&#038;p=3518"},"modified":"2025-03-17T19:28:33","modified_gmt":"2025-03-17T19:28:33","slug":"gargantilla-estilo-oro-de-18-quilates","status":"publish","type":"product","link":"https:\/\/oroex.net\/fr\/product\/collier-en-or-18-carats\/","title":{"rendered":"STYLE TOUR DE COU - OR 18 CARATS"},"content":{"rendered":"","protected":false},"excerpt":{"rendered":"<p>Tour de cou \u00e0 largeur progressive en or 18 carats.<\/p>\n<ul>\n<li>Tour de cou \u00e0 largeur progressive en or 18 carats. P\u00e8se 6,40 gr - Longueur 45 cm - Largeur 5 mm \u00e0 la partie large. R(9050)<\/li>\n<\/ul>\n<p>Livr\u00e9 avec un emballage de luxe, une facture et un certificat de garantie.<\/p>\n<p>Envoi assur\u00e9 gratuit - Retours gratuits<\/p>\n<p>Nous sommes disponibles pour tout. Nous contacter.<\/p>\n<pre><strong>Service client\u00e8le Tel et WhatsApp +34 691 63 65 85<\/strong><\/pre>\n<p> <a class=\"more-link\" href=\"https:\/\/oroex.net\/fr\/product\/collier-en-or-18-carats\/\">Lire la suite<\/a><\/p>","protected":false},"featured_media":3519,"comment_status":"open","ping_status":"closed","template":"","meta":[],"product_brand":[],"product_cat":[20,18,39],"product_tag":[],"class_list":{"0":"post-3518","1":"product","2":"type-product","3":"status-publish","4":"has-post-thumbnail","6":"product_cat-cadenas","7":"product_cat-joyas-de-oro-de-18k","8":"product_cat-tienda","10":"first","11":"outofstock","12":"sold-individually","13":"shipping-taxable","14":"purchasable","15":"product-type-simple"},"_links":{"self":[{"href":"https:\/\/oroex.net\/fr\/wp-json\/wp\/v2\/product\/3518","targetHints":{"allow":["GET"]}}],"collection":[{"href":"https:\/\/oroex.net\/fr\/wp-json\/wp\/v2\/product"}],"about":[{"href":"https:\/\/oroex.net\/fr\/wp-json\/wp\/v2\/types\/product"}],"replies":[{"embeddable":true,"href":"https:\/\/oroex.net\/fr\/wp-json\/wp\/v2\/comments?post=3518"}],"version-history":[{"count":2,"href":"https:\/\/oroex.net\/fr\/wp-json\/wp\/v2\/product\/3518\/revisions"}],"predecessor-version":[{"id":3543,"href":"https:\/\/oroex.net\/fr\/wp-json\/wp\/v2\/product\/3518\/revisions\/3543"}],"wp:featuredmedia":[{"embeddable":true,"href":"https:\/\/oroex.net\/fr\/wp-json\/wp\/v2\/media\/3519"}],"wp:attachment":[{"href":"https:\/\/oroex.net\/fr\/wp-json\/wp\/v2\/media?parent=3518"}],"wp:term":[{"taxonomy":"product_brand","embeddable":true,"href":"https:\/\/oroex.net\/fr\/wp-json\/wp\/v2\/product_brand?post=3518"},{"taxonomy":"product_cat","embeddable":true,"href":"https:\/\/oroex.net\/fr\/wp-json\/wp\/v2\/product_cat?post=3518"},{"taxonomy":"product_tag","embeddable":true,"href":"https:\/\/oroex.net\/fr\/wp-json\/wp\/v2\/product_tag?post=3518"}],"curies":[{"name":"wp","href":"https:\/\/api.w.org\/{rel}","templated":true}]}}