{"id":3496,"date":"2025-02-06T10:43:49","date_gmt":"2025-02-06T10:43:49","guid":{"rendered":"https:\/\/oroex.net\/?post_type=product&#038;p=3496"},"modified":"2025-04-21T13:14:51","modified_gmt":"2025-04-21T13:14:51","slug":"cadena-cubana-7mm-oro-de-18-quilates","status":"publish","type":"product","link":"https:\/\/oroex.net\/fr\/product\/chaine-cubaine-7mm-or-18-carats\/","title":{"rendered":"CHA\u00ceNE CUBAINE 7MM - OR 18 CARATS"},"content":{"rendered":"","protected":false},"excerpt":{"rendered":"<p>Cha\u00eene cubaine en or 18 carats.<\/p>\n<ul>\n<li>P\u00e8se 18,30 gr.<\/li>\n<li>Longueur 50 cm.<\/li>\n<li>Largeur 7 mm.<\/li>\n<\/ul>\n<p>Livr\u00e9 avec un emballage de luxe, un certificat de garantie et une facture.<\/p>\n<p>Nous vendons \u00e0 un prix sans la marge commerciale des bijoutiers, de sorte que votre bijou, en plus d'\u00eatre agr\u00e9able, est un magnifique investissement, un refuge de valeur pour votre argent, rentable et s\u00fbr face \u00e0 l'inflation.<\/p>\n<p>Envoi assur\u00e9 gratuit - Retours gratuits - Garantie de 3 ans.<\/p>\n<p>Nous sommes disponibles pour tout. Nous contacter.<\/p>\n<pre><strong>Service client\u00e8le Tel et WhatsApp +34 691 63 65 85<\/strong><\/pre>\n<p> <a class=\"more-link\" href=\"https:\/\/oroex.net\/fr\/product\/chaine-cubaine-7mm-or-18-carats\/\">Lire la suite<\/a><\/p>","protected":false},"featured_media":3497,"comment_status":"open","ping_status":"closed","template":"","meta":[],"product_brand":[],"product_cat":[20,18,39],"product_tag":[],"class_list":{"0":"post-3496","1":"product","2":"type-product","3":"status-publish","4":"has-post-thumbnail","6":"product_cat-cadenas","7":"product_cat-joyas-de-oro-de-18k","8":"product_cat-tienda","10":"first","11":"outofstock","12":"sold-individually","13":"shipping-taxable","14":"purchasable","15":"product-type-simple"},"_links":{"self":[{"href":"https:\/\/oroex.net\/fr\/wp-json\/wp\/v2\/product\/3496","targetHints":{"allow":["GET"]}}],"collection":[{"href":"https:\/\/oroex.net\/fr\/wp-json\/wp\/v2\/product"}],"about":[{"href":"https:\/\/oroex.net\/fr\/wp-json\/wp\/v2\/types\/product"}],"replies":[{"embeddable":true,"href":"https:\/\/oroex.net\/fr\/wp-json\/wp\/v2\/comments?post=3496"}],"version-history":[{"count":2,"href":"https:\/\/oroex.net\/fr\/wp-json\/wp\/v2\/product\/3496\/revisions"}],"predecessor-version":[{"id":3517,"href":"https:\/\/oroex.net\/fr\/wp-json\/wp\/v2\/product\/3496\/revisions\/3517"}],"wp:featuredmedia":[{"embeddable":true,"href":"https:\/\/oroex.net\/fr\/wp-json\/wp\/v2\/media\/3497"}],"wp:attachment":[{"href":"https:\/\/oroex.net\/fr\/wp-json\/wp\/v2\/media?parent=3496"}],"wp:term":[{"taxonomy":"product_brand","embeddable":true,"href":"https:\/\/oroex.net\/fr\/wp-json\/wp\/v2\/product_brand?post=3496"},{"taxonomy":"product_cat","embeddable":true,"href":"https:\/\/oroex.net\/fr\/wp-json\/wp\/v2\/product_cat?post=3496"},{"taxonomy":"product_tag","embeddable":true,"href":"https:\/\/oroex.net\/fr\/wp-json\/wp\/v2\/product_tag?post=3496"}],"curies":[{"name":"wp","href":"https:\/\/api.w.org\/{rel}","templated":true}]}}