{"id":3319,"date":"2024-10-03T13:58:57","date_gmt":"2024-10-03T13:58:57","guid":{"rendered":"https:\/\/oroex.net\/?post_type=product&#038;p=3319"},"modified":"2025-05-17T23:57:22","modified_gmt":"2025-05-17T23:57:22","slug":"collar-de-oro-de-18-quilates-y-diamantes-naturales","status":"publish","type":"product","link":"https:\/\/oroex.net\/fr\/product\/collier-en-or-18-carats-et-diamants-naturels\/","title":{"rendered":"COLLIER EN OR 18 CARATS ET DIAMANTS NATURELS"},"content":{"rendered":"","protected":false},"excerpt":{"rendered":"<p>Collier en or jaune 18 carats avec 12 diamants naturels taille brillant Couleur et puret\u00e9 des diamants G VS - Poids 0,8 ct . D\u00e9licatement poli par notre ma\u00eetre orf\u00e8vre, il est en parfait \u00e9tat.<\/p>\n<ul>\n<li>P\u00e8se 20,05 grammes<\/li>\n<li>Longueur de la cha\u00eene 40 cm<\/li>\n<li>Taille du pendentif 40x 20 mm<\/li>\n<\/ul>\n<p>Envoi assur\u00e9 gratuit - Retours gratuits - Garantie de 3 ans.<\/p>\n<p>Nous sommes disponibles pour tout. Nous contacter.<\/p>\n<pre><strong>Service client\u00e8le Tel et WhatsApp +34 691 63 65 85<\/strong><\/pre>\n<p> <a class=\"more-link\" href=\"https:\/\/oroex.net\/fr\/product\/collier-en-or-18-carats-et-diamants-naturels\/\">Lire la suite<\/a><\/p>","protected":false},"featured_media":3320,"comment_status":"open","ping_status":"closed","template":"","meta":[],"product_brand":[],"product_cat":[18,39],"product_tag":[],"class_list":{"0":"post-3319","1":"product","2":"type-product","3":"status-publish","4":"has-post-thumbnail","6":"product_cat-joyas-de-oro-de-18k","7":"product_cat-tienda","9":"first","10":"outofstock","11":"shipping-taxable","12":"purchasable","13":"product-type-simple"},"_links":{"self":[{"href":"https:\/\/oroex.net\/fr\/wp-json\/wp\/v2\/product\/3319","targetHints":{"allow":["GET"]}}],"collection":[{"href":"https:\/\/oroex.net\/fr\/wp-json\/wp\/v2\/product"}],"about":[{"href":"https:\/\/oroex.net\/fr\/wp-json\/wp\/v2\/types\/product"}],"replies":[{"embeddable":true,"href":"https:\/\/oroex.net\/fr\/wp-json\/wp\/v2\/comments?post=3319"}],"version-history":[{"count":1,"href":"https:\/\/oroex.net\/fr\/wp-json\/wp\/v2\/product\/3319\/revisions"}],"predecessor-version":[{"id":3323,"href":"https:\/\/oroex.net\/fr\/wp-json\/wp\/v2\/product\/3319\/revisions\/3323"}],"wp:featuredmedia":[{"embeddable":true,"href":"https:\/\/oroex.net\/fr\/wp-json\/wp\/v2\/media\/3320"}],"wp:attachment":[{"href":"https:\/\/oroex.net\/fr\/wp-json\/wp\/v2\/media?parent=3319"}],"wp:term":[{"taxonomy":"product_brand","embeddable":true,"href":"https:\/\/oroex.net\/fr\/wp-json\/wp\/v2\/product_brand?post=3319"},{"taxonomy":"product_cat","embeddable":true,"href":"https:\/\/oroex.net\/fr\/wp-json\/wp\/v2\/product_cat?post=3319"},{"taxonomy":"product_tag","embeddable":true,"href":"https:\/\/oroex.net\/fr\/wp-json\/wp\/v2\/product_tag?post=3319"}],"curies":[{"name":"wp","href":"https:\/\/api.w.org\/{rel}","templated":true}]}}