{"id":935,"date":"2023-06-04T13:58:40","date_gmt":"2023-06-04T13:58:40","guid":{"rendered":"https:\/\/oroex.net\/?page_id=935"},"modified":"2023-06-04T13:59:40","modified_gmt":"2023-06-04T13:59:40","slug":"aviso-legal","status":"publish","type":"page","link":"https:\/\/oroex.net\/fr\/avis-juridique\/","title":{"rendered":"Avis juridique"},"content":{"rendered":"<div data-elementor-type=\"wp-page\" data-elementor-id=\"935\" class=\"elementor elementor-935\" data-elementor-post-type=\"page\">\n\t\t\t\t<div class=\"elementor-element elementor-element-ca06850 e-flex e-con-boxed wpr-particle-no wpr-jarallax-no wpr-parallax-no wpr-sticky-section-no wpr-equal-height-no e-con e-parent\" data-id=\"ca06850\" data-element_type=\"container\" data-e-type=\"container\">\n\t\t\t\t\t<div class=\"e-con-inner\">\n\t\t\t\t<div class=\"elementor-element elementor-element-b66771b elementor-widget elementor-widget-text-editor\" data-id=\"b66771b\" data-element_type=\"widget\" data-e-type=\"widget\" data-widget_type=\"text-editor.default\">\n\t\t\t\t<div class=\"elementor-widget-container\">\n\t\t\t\t\t\t\t\t\t<p><strong>AVIS JURIDIQUE<\/strong><\/p><p><strong>Coordonn\u00e9es de la personne responsable<\/strong><\/p><ul><li><strong>Identit\u00e9 de la personne responsable :<\/strong>\u00a0SERVICES EN LIGNE TPMB SL<\/li><li><strong>Nom commercial :<\/strong>\u00a0GOLD EX<\/li><li><strong>NIF\/CIF :<\/strong>\u00a0B67587493<\/li><li><strong>Adresse :<\/strong>\u00a0PASSATGE TORRENT DE L' ESTADELLA 14, 08030 BARCELONA<\/li><li><strong>E-mail :<\/strong>\u00a0<a href=\"mailto:oroex@oroex.net\">oroex@oroex.net<\/a><\/li><\/ul><p>Dans cet espace, l'utilisateur pourra trouver toutes les informations relatives aux termes et conditions juridiques qui d\u00e9finissent la relation entre les utilisateurs et moi-m\u00eame en tant que responsable de ce site web. En tant qu'utilisateur, il est important que vous preniez connaissance de ces conditions avant de poursuivre votre navigation.<br \/><br \/>TPMB ONLINE SERVICES SL en tant que responsable de ce site web, je m'engage \u00e0 traiter les informations de mes utilisateurs et clients avec toutes les garanties et \u00e0 respecter les exigences nationales et europ\u00e9ennes r\u00e9gissant la collecte et l'utilisation des donn\u00e9es personnelles de mes utilisateurs.<br \/><br \/>Par cons\u00e9quent, ce site Web est strictement conforme \u00e0 la loi organique 15\/1999, du 13 d\u00e9cembre, sur la protection des donn\u00e9es \u00e0 caract\u00e8re personnel (LOPD), et au d\u00e9cret royal 1720\/2007, du 21 d\u00e9cembre, connu sous le nom de R\u00e8glement pour le d\u00e9veloppement de la LOPD. Il est \u00e9galement conforme au r\u00e8glement (UE) 2016\/679 du Parlement europ\u00e9en et du Conseil du 27 avril 2016 relatif \u00e0 la protection des personnes physiques (RGPD), ainsi qu'\u00e0 la loi 34\/2002, du 11 juillet, sur les services de la soci\u00e9t\u00e9 de l'information et le commerce \u00e9lectronique (LSSICE ou LSSI).<\/p><p><strong>Conditions g\u00e9n\u00e9rales d'utilisation<\/strong><\/p><p>Les pr\u00e9sentes conditions g\u00e9n\u00e9rales r\u00e9gissent l'utilisation (y compris le simple acc\u00e8s) des pages web qui composent le site web de TPMB ONLINE SERVICES SL, ainsi que les contenus et les services qui y sont disponibles. Toute personne acc\u00e9dant au site web www.oroex.net (\"utilisateur\") s'engage \u00e0 respecter les conditions g\u00e9n\u00e9rales en vigueur \u00e0 tout moment sur le portail www.oroex.net.<\/p><p><strong>Donn\u00e9es personnelles que je recueille et comment je les recueille<\/strong><\/p><p>Lire la politique de confidentialit\u00e9 (PONK LINK TO PRIVACY POLICY)<\/p><p><strong>Engagements et obligations des utilisateurs<\/strong><\/p><p>L'utilisateur est inform\u00e9 et accepte que l'acc\u00e8s \u00e0 ce site web n'implique en aucun cas le d\u00e9but d'une relation commerciale avec XXXXXXEMPRESA. Ainsi, l'utilisateur s'engage \u00e0 utiliser le site web, ses services et ses contenus sans contrevenir \u00e0 la l\u00e9gislation en vigueur, \u00e0 la bonne foi et \u00e0 l'ordre public.<br \/><br \/>Il est interdit d'utiliser le site web \u00e0 des fins illicites ou pr\u00e9judiciables, ou de toute autre mani\u00e8re susceptible de causer des dommages ou d'entraver le fonctionnement normal du site web. En ce qui concerne le contenu de ce site web, il est interdit :<\/p><ul><li>Reproduction, distribution ou modification, en tout ou en partie, sauf autorisation de ma part en tant que propri\u00e9taire l\u00e9gitime ;<\/li><li>Toute violation des droits du fournisseur ou de moi-m\u00eame en tant que propri\u00e9taire l\u00e9gitime ;<\/li><li>Leur utilisation \u00e0 des fins commerciales ou publicitaires.<\/li><\/ul><p>En utilisant le site web www.oroex.net, l'utilisateur s'engage \u00e0 ne pas effectuer les activit\u00e9s suivantes\u00a0<strong>pas de comportement<\/strong>\u00a0qui pourrait porter atteinte \u00e0 l'image, aux int\u00e9r\u00eats et aux droits de TPMB ONLINE SERVICES SL ou de tiers ou qui pourrait endommager, rendre inutilisable ou surcharger le portail www.oroex.net ou qui pourrait emp\u00eacher, de quelque mani\u00e8re que ce soit, l'utilisation normale du site web.<br \/><br \/>N\u00e9anmoins, l'utilisateur doit \u00eatre conscient que les mesures de s\u00e9curit\u00e9 des syst\u00e8mes informatiques sur Internet ne sont pas enti\u00e8rement fiables et que, par cons\u00e9quent, www.oroex.net ne peut garantir l'absence de logiciels malveillants ou d'autres \u00e9l\u00e9ments susceptibles de provoquer des alt\u00e9rations dans les syst\u00e8mes informatiques de l'utilisateur (logiciels et mat\u00e9riel) ou dans ses documents \u00e9lectroniques et les fichiers qu'ils contiennent, bien que tous les moyens n\u00e9cessaires et les mesures de s\u00e9curit\u00e9 appropri\u00e9es aient \u00e9t\u00e9 pris pour \u00e9viter la pr\u00e9sence de ces \u00e9l\u00e9ments nuisibles.<\/p><p><strong>Annonces sponsoris\u00e9es, liens d'affiliation et publicit\u00e9<\/strong><\/p><p>Ce site web propose aux utilisateurs des contenus sponsoris\u00e9s, des publicit\u00e9s et\/ou des liens d'affiliation.<br \/><br \/>Parmi les liens fournis, il y a la possibilit\u00e9 d'informer et de r\u00e9f\u00e9rencer des produits et\/ou des services et\/ou des infoproduits. Dans ce dernier cas, cette demande sera transmise \u00e0 des tiers, tels que :<\/p><p>Les informations figurant dans ces liens d'affiliation ou les publicit\u00e9s ins\u00e9r\u00e9es sont fournies par les annonceurs eux-m\u00eames, de sorte que TPMB ONLINE SERVICES SL n'est pas responsable des inexactitudes ou des erreurs que peuvent contenir les publicit\u00e9s, ni ne garantit en aucune mani\u00e8re l'exp\u00e9rience, l'int\u00e9grit\u00e9 ou la responsabilit\u00e9 des annonceurs ou la qualit\u00e9 de leurs produits.<br \/><br \/>Les annonces resteront publi\u00e9es sur le portail jusqu'\u00e0 ce qu'elles soient supprim\u00e9es ou suspendues par l'annonceur ou par TPMB ONLINE SERVICES SL, qui logiquement ne sera pas responsable du fait que, une fois supprim\u00e9es de leurs bases de donn\u00e9es, les annonces continuent \u00e0 \u00eatre index\u00e9es dans les moteurs de recherche en dehors de ce portail.<br \/><br \/>Toute relation contractuelle ou extracontractuelle que l'utilisateur noue avec des annonceurs, des affili\u00e9s ou des tiers contact\u00e9s par l'interm\u00e9diaire de ce portail est entendue comme \u00e9tant uniquement et exclusivement entre l'utilisateur et l'annonceur et\/ou le tiers. L'utilisateur sait et accepte que www.oroex.net n'agit qu'en tant que canal ou support publicitaire et n'est donc pas responsable des dommages de toute nature caus\u00e9s par ses n\u00e9gociations, conversations et\/ou relations contractuelles ou extracontractuelles avec des annonceurs ou des tiers contact\u00e9s par l'interm\u00e9diaire de ce portail.<\/p><p><strong>Mesures de s\u00e9curit\u00e9<\/strong><\/p><p>Les donn\u00e9es personnelles communiqu\u00e9es par l'utilisateur \u00e0 TPMB ONLINE SERVICES SL peuvent \u00eatre stock\u00e9es dans des bases de donn\u00e9es automatis\u00e9es ou non, dont la propri\u00e9t\u00e9 correspond exclusivement \u00e0 TPMB ONLINE SERVICES SL, en assumant toutes les mesures techniques, organisationnelles et de s\u00e9curit\u00e9 qui garantissent la confidentialit\u00e9, l'int\u00e9grit\u00e9 et la qualit\u00e9 des informations qui y sont contenues, conform\u00e9ment aux dispositions de la l\u00e9gislation en vigueur sur la protection des donn\u00e9es.<\/p><p><strong>Plate-forme de r\u00e9solution des conflits<\/strong><\/p><p>Je mets \u00e9galement \u00e0 la disposition des utilisateurs la plateforme de r\u00e9solution des litiges fournie par la Commission europ\u00e9enne, qui est disponible sur le lien suivant :\u00a0<a href=\"http:\/\/ec.europa.eu\/consumers\/odr\/\">http:\/\/ec.europa.eu\/consumers\/odr\/<\/a><\/p><p><strong>Droits de propri\u00e9t\u00e9 intellectuelle et industrielle<\/strong><\/p><p>Conform\u00e9ment aux dispositions des articles 8 et 32.1, deuxi\u00e8me alin\u00e9a, de la loi sur la propri\u00e9t\u00e9 intellectuelle, la reproduction, la distribution et la communication publique, y compris la mise \u00e0 disposition, de tout ou partie des contenus de ce site web, \u00e0 des fins commerciales, sur tout support et par tout moyen technique, sans l'autorisation de TPMB ONLINE SERVICES SL, sont express\u00e9ment interdites. L'utilisateur s'engage \u00e0 respecter les droits de propri\u00e9t\u00e9 intellectuelle et industrielle de TPMB ONLINE SERVICES SL.<br \/><br \/>L'utilisateur reconna\u00eet et accepte que l'ensemble du site Web, y compris, mais sans s'y limiter, le texte, le logiciel, le contenu (y compris la structure, la s\u00e9lection, l'arrangement et la pr\u00e9sentation de celui-ci), les podcasts, les photographies, le mat\u00e9riel audiovisuel et les graphiques, est prot\u00e9g\u00e9 par des marques, des droits d'auteur et d'autres droits l\u00e9gitimes, conform\u00e9ment aux trait\u00e9s internationaux auxquels l'Espagne est partie et \u00e0 d'autres droits de propri\u00e9t\u00e9 et lois de l'Espagne.<br \/><br \/>Dans le cas o\u00f9 un utilisateur ou un tiers consid\u00e8re qu'il y a eu une violation de ses droits l\u00e9gitimes de propri\u00e9t\u00e9 intellectuelle par l'introduction de certains contenus sur le web, vous devez notifier cette circonstance \u00e0 TPMB ONLINE SERVICES SL en l'indiquant :<\/p><ul><li>Les donn\u00e9es personnelles de la personne concern\u00e9e qui est le d\u00e9tenteur des droits pr\u00e9tendument viol\u00e9s, ou indiquer la repr\u00e9sentation en vertu de laquelle elle agit dans le cas o\u00f9 la plainte est d\u00e9pos\u00e9e par un tiers autre que la personne concern\u00e9e.<\/li><li>Indiquer les contenus prot\u00e9g\u00e9s par des droits de propri\u00e9t\u00e9 intellectuelle et leur emplacement sur le site web, l'accr\u00e9ditation des droits de propri\u00e9t\u00e9 intellectuelle indiqu\u00e9s et une d\u00e9claration expresse par laquelle l'int\u00e9ress\u00e9 accepte la responsabilit\u00e9 de la v\u00e9racit\u00e9 des informations fournies dans la notification.<\/li><\/ul><p><strong>Exclusion de garantie et de responsabilit\u00e9<\/strong><\/p><p><strong>TPMB ONLINE SERVICES SL ne donne aucune garantie et n'est pas responsable, en aucun cas, des dommages de toute nature qui pourraient \u00eatre caus\u00e9s par :<\/strong><\/p><ul><li>Le manque de disponibilit\u00e9, de maintenance et de fonctionnement efficace du site web, de ses services et de son contenu ;<\/li><li>L'existence de logiciels malveillants, de programmes malveillants ou nuisibles dans le contenu ;<\/li><li>Utilisation ill\u00e9gale, n\u00e9gligente, frauduleuse ou contraire aux pr\u00e9sentes mentions l\u00e9gales ;<\/li><li>le manque de l\u00e9galit\u00e9, de qualit\u00e9, de fiabilit\u00e9, d'utilit\u00e9 et de disponibilit\u00e9 des services fournis par des tiers et mis \u00e0 la disposition des utilisateurs sur le site web.<\/li><li>Le fournisseur n'accepte aucune responsabilit\u00e9 pour tout dommage r\u00e9sultant d'une utilisation ill\u00e9gale ou inappropri\u00e9e de ce site web.<\/li><\/ul><p><strong>Droit applicable et juridiction<\/strong><\/p><p>En g\u00e9n\u00e9ral, les relations entre TPMB ONLINE SERVICES SL et les utilisateurs de ses services t\u00e9l\u00e9matiques, pr\u00e9sents sur ce site web, sont soumises \u00e0 la l\u00e9gislation et \u00e0 la juridiction espagnoles et aux tribunaux de BARCELONE.<\/p><p><strong>Contact<\/strong><\/p><p>Si un utilisateur a des questions sur ces conditions g\u00e9n\u00e9rales ou des commentaires sur le portail www.oroex.net, il peut s'adresser \u00e0 <a href=\"mailto:oroex@oroex.net\">oroex@oroex.net<\/a>. L'avis juridique a \u00e9t\u00e9 mis \u00e0 jour pour la derni\u00e8re fois le 29-05-2023.<\/p>\t\t\t\t\t\t\t\t<\/div>\n\t\t\t\t<\/div>\n\t\t\t\t\t<\/div>\n\t\t\t\t<\/div>\n\t\t\t\t<\/div>","protected":false},"excerpt":{"rendered":"<p>MENTION L\u00c9GALE Donn\u00e9es du responsable Identit\u00e9 du responsable : TPMB ONLINE SERVICES SL Nom commercial : ORO EX NIF\/CIF : B67587493 Adresse : PASSATGE TORRENT DE L' ESTADELLA 14, 08030 BARCELONA E-mail : oroex@oroex.net Dans cet espace, l'utilisateur peut trouver toute l'information relative aux termes et conditions l\u00e9gales qui d\u00e9finissent la relation entre les utilisateurs et moi en tant que responsable de ce site web. En tant qu'utilisateur, il est important que vous connaissiez ces termes avant de poursuivre votre navigation. TPMB ONLINE SERVICES SL, en tant que responsable de ce site web, s'engage \u00e0 traiter les informations de ses utilisateurs et clients avec toutes les garanties et \u00e0 respecter les exigences nationales et europ\u00e9ennes r\u00e9gissant la collecte et l'utilisation des donn\u00e9es personnelles de ses utilisateurs. Par cons\u00e9quent, ce site Web est strictement conforme \u00e0 la loi organique 15\/1999, du 13 d\u00e9cembre, sur la protection des donn\u00e9es \u00e0 caract\u00e8re personnel (LOPD), et au d\u00e9cret royal 1720\/2007, du 21 d\u00e9cembre, connu sous le nom de \"loi sur la protection des donn\u00e9es\" .....<\/p>\n<p> <a class=\"more-link\" href=\"https:\/\/oroex.net\/fr\/avis-juridique\/\">Lire la suite<\/a><\/p>","protected":false},"author":1,"featured_media":0,"parent":0,"menu_order":0,"comment_status":"closed","ping_status":"closed","template":"elementor_header_footer","meta":{"footnotes":""},"class_list":["post-935","page","type-page","status-publish"],"_links":{"self":[{"href":"https:\/\/oroex.net\/fr\/wp-json\/wp\/v2\/pages\/935","targetHints":{"allow":["GET"]}}],"collection":[{"href":"https:\/\/oroex.net\/fr\/wp-json\/wp\/v2\/pages"}],"about":[{"href":"https:\/\/oroex.net\/fr\/wp-json\/wp\/v2\/types\/page"}],"author":[{"embeddable":true,"href":"https:\/\/oroex.net\/fr\/wp-json\/wp\/v2\/users\/1"}],"replies":[{"embeddable":true,"href":"https:\/\/oroex.net\/fr\/wp-json\/wp\/v2\/comments?post=935"}],"version-history":[{"count":0,"href":"https:\/\/oroex.net\/fr\/wp-json\/wp\/v2\/pages\/935\/revisions"}],"wp:attachment":[{"href":"https:\/\/oroex.net\/fr\/wp-json\/wp\/v2\/media?parent=935"}],"curies":[{"name":"wp","href":"https:\/\/api.w.org\/{rel}","templated":true}]}}