{"id":51,"date":"2023-05-26T16:02:26","date_gmt":"2023-05-26T16:02:26","guid":{"rendered":"https:\/\/oroex.net\/?page_id=51"},"modified":"2024-02-08T10:44:24","modified_gmt":"2024-02-08T10:44:24","slug":"sobre-nosotros","status":"publish","type":"page","link":"https:\/\/oroex.net\/fr\/a-propos-de-nous\/","title":{"rendered":"A propos de nous"},"content":{"rendered":"<div data-elementor-type=\"wp-page\" data-elementor-id=\"51\" class=\"elementor elementor-51\" data-elementor-post-type=\"page\">\n\t\t\t\t\t\t<section class=\"elementor-section elementor-top-section elementor-element elementor-element-4c9acb elementor-section-full_width elementor-section-stretched elementor-section-height-default elementor-section-height-default wpr-particle-no wpr-jarallax-no wpr-parallax-no wpr-sticky-section-no wpr-equal-height-no\" data-id=\"4c9acb\" data-element_type=\"section\" data-e-type=\"section\" data-settings=\"{&quot;background_background&quot;:&quot;classic&quot;,&quot;stretch_section&quot;:&quot;section-stretched&quot;}\">\n\t\t\t\t\t\t\t<div class=\"elementor-background-overlay\"><\/div>\n\t\t\t\t\t\t\t<div class=\"elementor-container elementor-column-gap-extended\">\n\t\t\t\t\t<div class=\"elementor-column elementor-col-100 elementor-top-column elementor-element elementor-element-706f0022\" data-id=\"706f0022\" data-element_type=\"column\" data-e-type=\"column\" data-settings=\"{&quot;background_background&quot;:&quot;classic&quot;}\">\n\t\t\t<div class=\"elementor-widget-wrap elementor-element-populated\">\n\t\t\t\t\t\t<section class=\"elementor-section elementor-inner-section elementor-element elementor-element-400c7a66 elementor-section-content-middle elementor-section-full_width elementor-reverse-tablet elementor-reverse-mobile elementor-section-height-default elementor-section-height-default wpr-particle-no wpr-jarallax-no wpr-parallax-no wpr-sticky-section-no wpr-equal-height-no\" data-id=\"400c7a66\" data-element_type=\"section\" data-e-type=\"section\" data-settings=\"{&quot;background_background&quot;:&quot;classic&quot;}\">\n\t\t\t\t\t\t\t<div class=\"elementor-background-overlay\"><\/div>\n\t\t\t\t\t\t\t<div class=\"elementor-container elementor-column-gap-wider\">\n\t\t\t\t\t<div class=\"elementor-column elementor-col-33 elementor-inner-column elementor-element elementor-element-134253e3\" data-id=\"134253e3\" data-element_type=\"column\" data-e-type=\"column\" data-settings=\"{&quot;background_background&quot;:&quot;classic&quot;}\">\n\t\t\t<div class=\"elementor-widget-wrap elementor-element-populated\">\n\t\t\t\t\t\t<div class=\"elementor-element elementor-element-2b99e41b elementor-widget elementor-widget-image\" data-id=\"2b99e41b\" data-element_type=\"widget\" data-e-type=\"widget\" data-widget_type=\"image.default\">\n\t\t\t\t<div class=\"elementor-widget-container\">\n\t\t\t\t\t\t\t\t\t\t\t\t\t\t\t<img decoding=\"async\" src=\"https:\/\/oroex.net\/wp-content\/uploads\/elementor\/thumbs\/kevin-lanceplaine-674654-unsplash-q71akxdkx5whewgh4xb2e5a1czukw9wb8xfd4oa2ww.jpg\" title=\"kevin-lanceplaine-674654-unsplash.jpg\" alt=\"kevin-lanceplaine-674654-unsplash.jpg\" loading=\"lazy\" \/>\t\t\t\t\t\t\t\t\t\t\t\t\t\t\t<\/div>\n\t\t\t\t<\/div>\n\t\t\t\t\t<\/div>\n\t\t<\/div>\n\t\t\t\t<div class=\"elementor-column elementor-col-66 elementor-inner-column elementor-element elementor-element-7eed919d\" data-id=\"7eed919d\" data-element_type=\"column\" data-e-type=\"column\">\n\t\t\t<div class=\"elementor-widget-wrap elementor-element-populated\">\n\t\t\t\t\t\t<div class=\"elementor-element elementor-element-6a2e7d4 elementor-invisible elementor-widget elementor-widget-heading\" data-id=\"6a2e7d4\" data-element_type=\"widget\" data-e-type=\"widget\" data-settings=\"{&quot;_animation&quot;:&quot;fadeInDown&quot;}\" data-widget_type=\"heading.default\">\n\t\t\t\t<div class=\"elementor-widget-container\">\n\t\t\t\t\t<h1 class=\"elementor-heading-title elementor-size-default\">Nous proposons des placements refuges de grande valeur, rentables et s\u00fbrs.<\/h1>\t\t\t\t<\/div>\n\t\t\t\t<\/div>\n\t\t\t\t<div class=\"elementor-element elementor-element-6f5e5af2 elementor-widget elementor-widget-text-editor\" data-id=\"6f5e5af2\" data-element_type=\"widget\" data-e-type=\"widget\" data-widget_type=\"text-editor.default\">\n\t\t\t\t<div class=\"elementor-widget-container\">\n\t\t\t\t\t\t\t\t\t<p>Nous proposons aux investisseurs individuels et institutionnels des placements refuges de grande valeur, \u00e0 haut rendement et s\u00fbrs.<\/p><p>Nos services sont accessibles \u00e0 toute personne, quelle que soit sa disponibilit\u00e9 financi\u00e8re.<\/p><p>Vous pouvez investir dans des m\u00e9taux pr\u00e9cieux, des bijoux, des diamants et d'autres produits \u00e0 partir de 100 euros.<\/p><p>En cette p\u00e9riode historique d'incertitude \u00e9conomique et sociale, il est crucial de prendre des positions d'investissement confiantes. L'argent conventionnel a perdu sa valeur intrins\u00e8que en raison de l'\u00e9mission indiscrimin\u00e9e des banques centrales et de la R\u00e9serve f\u00e9d\u00e9rale.<\/p><p>Les investissements boursiers soul\u00e8vent \u00e9galement de s\u00e9rieuses questions quant \u00e0 leur s\u00e9curit\u00e9 et \u00e0 leur valeur r\u00e9elle, en raison de la manipulation par les grandes soci\u00e9t\u00e9s financi\u00e8res et des \u00e9v\u00e9nements sociaux impr\u00e9visibles.<\/p><p>Dans ce sc\u00e9nario complexe, l'or physique s'impose comme l'actif refuge par excellence. Il n'est pas directement li\u00e9 aux march\u00e9s ou au syst\u00e8me financier \u00e9tabli et conserve et augmente sa valeur en p\u00e9riode de volatilit\u00e9 et de d\u00e9pr\u00e9ciation de la monnaie fiduciaire et d'autres investissements.<\/p><p>Chez Oro Ex, nous facilitons l'acc\u00e8s \u00e0 ces investissements et notre mission est de vous apporter s\u00e9curit\u00e9, valorisation du capital et ind\u00e9pendance face \u00e0 l'ins\u00e9curit\u00e9 sociale et \u00e9conomique d'aujourd'hui.\u00a0<\/p>\t\t\t\t\t\t\t\t<\/div>\n\t\t\t\t<\/div>\n\t\t\t\t\t<\/div>\n\t\t<\/div>\n\t\t\t\t\t<\/div>\n\t\t<\/section>\n\t\t\t\t\t<\/div>\n\t\t<\/div>\n\t\t\t\t\t<\/div>\n\t\t<\/section>\n\t\t\t\t<\/div>","protected":false},"excerpt":{"rendered":"<p>Nous offrons des placements refuges de grande valeur, rentabilit\u00e9 et s\u00e9curit\u00e9 Nous offrons des placements refuges de grande valeur, rentabilit\u00e9 et s\u00e9curit\u00e9 aux investisseurs individuels et institutionnels. Nos services sont accessibles \u00e0 tous, quelles que soient les disponibilit\u00e9s financi\u00e8res. Vous pouvez investir dans des m\u00e9taux pr\u00e9cieux, des bijoux, des diamants et d'autres produits \u00e0 partir de 100 euros. Dans un moment historique d'incertitude \u00e9conomique et sociale, il est crucial de prendre des positions d'investissement fiables. L'argent conventionnel a perdu sa valeur intrins\u00e8que en raison de l'\u00e9mission indiscrimin\u00e9e des banques centrales et de la R\u00e9serve f\u00e9d\u00e9rale. Les investissements boursiers soul\u00e8vent \u00e9galement de s\u00e9rieux doutes quant \u00e0 leur s\u00e9curit\u00e9 et \u00e0 leur valeur r\u00e9elle, en raison des manipulations des grandes soci\u00e9t\u00e9s financi\u00e8res et des \u00e9v\u00e9nements sociaux impr\u00e9visibles. Dans ce sc\u00e9nario complexe, l'or physique s'impose comme la valeur refuge par excellence, il n'est pas directement li\u00e9 aux march\u00e9s ou au syst\u00e8me financier \u00e9tabli et conserve et augmente sa valeur....<\/p>\n<p> <a class=\"more-link\" href=\"https:\/\/oroex.net\/fr\/a-propos-de-nous\/\">Lire la suite<\/a><\/p>","protected":false},"author":1,"featured_media":0,"parent":0,"menu_order":0,"comment_status":"closed","ping_status":"closed","template":"elementor_header_footer","meta":{"footnotes":""},"class_list":["post-51","page","type-page","status-publish"],"_links":{"self":[{"href":"https:\/\/oroex.net\/fr\/wp-json\/wp\/v2\/pages\/51","targetHints":{"allow":["GET"]}}],"collection":[{"href":"https:\/\/oroex.net\/fr\/wp-json\/wp\/v2\/pages"}],"about":[{"href":"https:\/\/oroex.net\/fr\/wp-json\/wp\/v2\/types\/page"}],"author":[{"embeddable":true,"href":"https:\/\/oroex.net\/fr\/wp-json\/wp\/v2\/users\/1"}],"replies":[{"embeddable":true,"href":"https:\/\/oroex.net\/fr\/wp-json\/wp\/v2\/comments?post=51"}],"version-history":[{"count":18,"href":"https:\/\/oroex.net\/fr\/wp-json\/wp\/v2\/pages\/51\/revisions"}],"predecessor-version":[{"id":1944,"href":"https:\/\/oroex.net\/fr\/wp-json\/wp\/v2\/pages\/51\/revisions\/1944"}],"wp:attachment":[{"href":"https:\/\/oroex.net\/fr\/wp-json\/wp\/v2\/media?parent=51"}],"curies":[{"name":"wp","href":"https:\/\/api.w.org\/{rel}","templated":true}]}}